
{"id":8614,"date":"2025-10-23T09:53:36","date_gmt":"2025-10-23T09:53:36","guid":{"rendered":"https:\/\/estonianmusic.com\/?post_type=product&#038;p=8614"},"modified":"2026-01-25T13:04:38","modified_gmt":"2026-01-25T13:04:38","slug":"loovuslapse-laulud-nr-3-fonod","status":"publish","type":"product","link":"https:\/\/estonianmusic.com\/en\/toode\/loovuslapse-laulud-nr-3-fonod\/","title":{"rendered":"Loovuslapse laulud nr 3 +fonod"},"content":{"rendered":"","protected":false},"excerpt":{"rendered":"<p>Liis Polli on l\u00f5petanud Tallinna \u00dclikooli muusika\u00f5petaja erialal ja t\u00f6\u00f6tanud al 2014 MT\u00dc Loovuslaps juhataja ja huvirinigide juhendajana.<br \/>\nUuest kogumikust leiate vahvate vahenditega laule ja laulum\u00e4nge nii p\u00e4ris pisikestele kui ka lasteaialastele.<br \/>\n20 laulu, 28 lk, kaasas link ja kood fonodele. (T. Sulamanidze)<\/p>\n<p><a href=\"https:\/\/estonianmusic.com\/wp-content\/uploads\/2025\/10\/20230608_124258.pdf\">Contents<\/a><br \/>\n<a href=\"https:\/\/estonianmusic.com\/wp-content\/uploads\/2025\/10\/20230608_124419.pdf\">Samples<\/a><\/p>\n<p>&nbsp;<\/p>\n","protected":false},"featured_media":8622,"template":"","meta":{"_et_pb_use_builder":"","_et_pb_old_content":"","_et_gb_content_width":"","spay_email":""},"_links":{"self":[{"href":"https:\/\/estonianmusic.com\/en\/wp-json\/wp\/v2\/product\/8614"}],"collection":[{"href":"https:\/\/estonianmusic.com\/en\/wp-json\/wp\/v2\/product"}],"about":[{"href":"https:\/\/estonianmusic.com\/en\/wp-json\/wp\/v2\/types\/product"}],"wp:featuredmedia":[{"embeddable":true,"href":"https:\/\/estonianmusic.com\/en\/wp-json\/wp\/v2\/media\/8622"}],"wp:attachment":[{"href":"https:\/\/estonianmusic.com\/en\/wp-json\/wp\/v2\/media?parent=8614"}],"curies":[{"name":"wp","href":"https:\/\/api.w.org\/{rel}","templated":true}]}}