
{"id":7645,"date":"2023-11-20T20:27:24","date_gmt":"2024-01-27T09:40:49","guid":{"rendered":"https:\/\/estonianmusic.com\/toode\/pesamuna-laulud\/"},"modified":"2024-05-20T00:00:00","modified_gmt":"2024-05-20T00:00:00","slug":"pesamuna-laulud-2","status":"publish","type":"product","link":"https:\/\/estonianmusic.com\/en\/toode\/pesamuna-laulud-2\/","title":{"rendered":"&#8220;Pesamuna laulud&#8221;"},"content":{"rendered":"","protected":false},"excerpt":{"rendered":"<p>Sirje Kaasik (s. 1958) on tuntud ja armastatud koorijuht ja helilooja L\u00e4\u00e4nemaal. Sirjel on ilmunud mitu laulikut lastele ja segakooridele. Tema laul on k\u00f5lanud ka \u00fcleriigilisel noorte laulupeol ja juubelilaulupeol Tartus. Sirje Kaasiku helikeel on meeldej\u00e4\u00e4v, viisid l\u00fc\u00fcrilised ja r\u00f5\u00f5msad. K\u00e4esoleva lauliku lauludeks sai ta inspiratsiooni Heiki Vilepi luuletustest laste k\u00f5neoskuse parandamisele suunatud raamatust &#8220;Pesamuna k\u00f5neaabits&#8221;. Siit ka lauliku pealkiri.<br \/>\n\u00dcle 30 laulu, 32 lk.<br \/>\n<a href=\"https:\/\/estonianmusic.com\/wp-content\/uploads\/2023\/11\/sisu.pdf\">List of songs<\/a><br \/>\n<a href=\"https:\/\/estonianmusic.com\/wp-content\/uploads\/2023\/11\/Naited.pdf\">N\u00e4ited<\/a><\/p>\n","protected":false},"featured_media":7563,"template":"","meta":{"_et_pb_use_builder":"","_et_pb_old_content":"","_et_gb_content_width":"","spay_email":""},"_links":{"self":[{"href":"https:\/\/estonianmusic.com\/en\/wp-json\/wp\/v2\/product\/7645"}],"collection":[{"href":"https:\/\/estonianmusic.com\/en\/wp-json\/wp\/v2\/product"}],"about":[{"href":"https:\/\/estonianmusic.com\/en\/wp-json\/wp\/v2\/types\/product"}],"wp:featuredmedia":[{"embeddable":true,"href":"https:\/\/estonianmusic.com\/en\/wp-json\/wp\/v2\/media\/7563"}],"wp:attachment":[{"href":"https:\/\/estonianmusic.com\/en\/wp-json\/wp\/v2\/media?parent=7645"}],"curies":[{"name":"wp","href":"https:\/\/api.w.org\/{rel}","templated":true}]}}