
{"id":7644,"date":"2023-10-28T17:13:25","date_gmt":"2024-01-27T09:39:58","guid":{"rendered":"https:\/\/estonianmusic.com\/toode\/set-of-bird-whistles\/"},"modified":"2024-01-27T09:39:58","modified_gmt":"2024-01-27T09:39:58","slug":"komplekt-linnuvilesid-2","status":"publish","type":"product","link":"https:\/\/estonianmusic.com\/en\/toode\/komplekt-linnuvilesid-2\/","title":{"rendered":"Set of bird whistles"},"content":{"rendered":"","protected":false},"excerpt":{"rendered":"<p>See komplekt sisaldab 5 linnuvilet: tihane, mustr\u00e4stas, varblane, \u00f6\u00f6bik ja leevike. Sobib suurep\u00e4raselt varajasteks \u00f5ppetegevusteks, lindude avastamiseks ning nende laulude kuulamise ja \u00e4ratundmise \u00f5ppimiseks.<\/p>\n","protected":false},"featured_media":7530,"template":"","meta":{"_et_pb_use_builder":"","_et_pb_old_content":"","_et_gb_content_width":"","spay_email":""},"_links":{"self":[{"href":"https:\/\/estonianmusic.com\/en\/wp-json\/wp\/v2\/product\/7644"}],"collection":[{"href":"https:\/\/estonianmusic.com\/en\/wp-json\/wp\/v2\/product"}],"about":[{"href":"https:\/\/estonianmusic.com\/en\/wp-json\/wp\/v2\/types\/product"}],"wp:featuredmedia":[{"embeddable":true,"href":"https:\/\/estonianmusic.com\/en\/wp-json\/wp\/v2\/media\/7530"}],"wp:attachment":[{"href":"https:\/\/estonianmusic.com\/en\/wp-json\/wp\/v2\/media?parent=7644"}],"curies":[{"name":"wp","href":"https:\/\/api.w.org\/{rel}","templated":true}]}}