
{"id":7642,"date":"2023-10-16T09:00:14","date_gmt":"2024-01-27T09:36:58","guid":{"rendered":"https:\/\/estonianmusic.com\/toode\/european-music-history\/"},"modified":"2024-01-27T09:36:58","modified_gmt":"2024-01-27T09:36:58","slug":"euroopa-muusikaajaloo-sunkroontabel-2","status":"publish","type":"product","link":"https:\/\/estonianmusic.com\/en\/toode\/euroopa-muusikaajaloo-sunkroontabel-2\/","title":{"rendered":"European Music History"},"content":{"rendered":"","protected":false},"excerpt":{"rendered":"<p>Tiia J\u00e4rgi koostatud Euroopa muusikaajaloo s\u00fcnkroontabel.<br \/>\nRahvuskoolkonnad muusikas, heliloojad, kunstnikud ja kirjanikud, olulisemad ajaloos\u00fcndmused ca 1100-2000.<br \/>\nM\u00f5\u00f5t A0 (84,1\u00d7118,9 cm) k\u00f5val plaadil koos riputuskonksudega.<br \/>\nSaatmine ainult kulleriga!<\/p>\n","protected":false},"featured_media":7507,"template":"","meta":{"_et_pb_use_builder":"","_et_pb_old_content":"","_et_gb_content_width":"","spay_email":""},"_links":{"self":[{"href":"https:\/\/estonianmusic.com\/en\/wp-json\/wp\/v2\/product\/7642"}],"collection":[{"href":"https:\/\/estonianmusic.com\/en\/wp-json\/wp\/v2\/product"}],"about":[{"href":"https:\/\/estonianmusic.com\/en\/wp-json\/wp\/v2\/types\/product"}],"wp:featuredmedia":[{"embeddable":true,"href":"https:\/\/estonianmusic.com\/en\/wp-json\/wp\/v2\/media\/7507"}],"wp:attachment":[{"href":"https:\/\/estonianmusic.com\/en\/wp-json\/wp\/v2\/media?parent=7642"}],"curies":[{"name":"wp","href":"https:\/\/api.w.org\/{rel}","templated":true}]}}