
{"id":7641,"date":"2023-10-03T08:45:20","date_gmt":"2024-01-27T09:36:18","guid":{"rendered":"https:\/\/estonianmusic.com\/toode\/intmuller-cd-uus-plaat\/"},"modified":"2024-01-27T09:36:18","modified_gmt":"2024-01-27T09:36:18","slug":"intmuller-cd-uus-plaat-2","status":"publish","type":"product","link":"https:\/\/estonianmusic.com\/en\/toode\/intmuller-cd-uus-plaat-2\/","title":{"rendered":"Int&amp;M\u00fcller. CD &#8220;Uus plaat&#8221;"},"content":{"rendered":"","protected":false},"excerpt":{"rendered":"<p>L\u00f5\u00f5tsaduo Asso Int ja Martin M\u00fcller deb\u00fc\u00fctalbum. Albumilt saab kuulata ajah\u00f5lma vajunud tuntud ja tundmatuid laule ning Martini ja Asso vanaemadelt \u00f5pitud lugusid. Albumi nimilugu on Valter Ojak\u00e4\u00e4ru ja Debora Vaarandi &#8220;Uus plaat&#8221;. Plaadilt ei puudu ka Arvo P\u00e4rdi &#8220;Ukuaru valss&#8221;.<\/p>\n","protected":false},"featured_media":7487,"template":"","meta":{"_et_pb_use_builder":"","_et_pb_old_content":"","_et_gb_content_width":"","spay_email":""},"_links":{"self":[{"href":"https:\/\/estonianmusic.com\/en\/wp-json\/wp\/v2\/product\/7641"}],"collection":[{"href":"https:\/\/estonianmusic.com\/en\/wp-json\/wp\/v2\/product"}],"about":[{"href":"https:\/\/estonianmusic.com\/en\/wp-json\/wp\/v2\/types\/product"}],"wp:featuredmedia":[{"embeddable":true,"href":"https:\/\/estonianmusic.com\/en\/wp-json\/wp\/v2\/media\/7487"}],"wp:attachment":[{"href":"https:\/\/estonianmusic.com\/en\/wp-json\/wp\/v2\/media?parent=7641"}],"curies":[{"name":"wp","href":"https:\/\/api.w.org\/{rel}","templated":true}]}}