
{"id":7639,"date":"2023-10-03T08:34:46","date_gmt":"2024-01-27T09:35:12","guid":{"rendered":"https:\/\/estonianmusic.com\/toode\/virumaa-parimuse-radadel\/"},"modified":"2024-01-27T09:35:12","modified_gmt":"2024-01-27T09:35:12","slug":"virumaa-parimuse-radadel-noodivihik-2","status":"publish","type":"product","link":"https:\/\/estonianmusic.com\/en\/toode\/virumaa-parimuse-radadel-noodivihik-2\/","title":{"rendered":"Virumaa p\u00e4rimuse radadel. &#8211;"},"content":{"rendered":"","protected":false},"excerpt":{"rendered":"<p>Noodivihikust leitavad palad on tuntust kogunud Tapalt kuni Narva-J\u00f5esuuni. Suur hulk lugusid on l\u00f5\u00f5tspillim\u00e4ngija Martin M\u00fcller p\u00e4rinud oma vanaemalt Hella T\u00f5everelt Miila k\u00fclast. M\u00f5ne pala juured ulatuvad nii Soome- kui Ukrainamaale.<br \/>\n18 songs, 20 pages, A4<\/p>\n","protected":false},"featured_media":7481,"template":"","meta":{"_et_pb_use_builder":"","_et_pb_old_content":"","_et_gb_content_width":"","spay_email":""},"_links":{"self":[{"href":"https:\/\/estonianmusic.com\/en\/wp-json\/wp\/v2\/product\/7639"}],"collection":[{"href":"https:\/\/estonianmusic.com\/en\/wp-json\/wp\/v2\/product"}],"about":[{"href":"https:\/\/estonianmusic.com\/en\/wp-json\/wp\/v2\/types\/product"}],"wp:featuredmedia":[{"embeddable":true,"href":"https:\/\/estonianmusic.com\/en\/wp-json\/wp\/v2\/media\/7481"}],"wp:attachment":[{"href":"https:\/\/estonianmusic.com\/en\/wp-json\/wp\/v2\/media?parent=7639"}],"curies":[{"name":"wp","href":"https:\/\/api.w.org\/{rel}","templated":true}]}}