
{"id":7477,"date":"2023-08-16T11:52:11","date_gmt":"2023-09-29T09:34:27","guid":{"rendered":"https:\/\/estonianmusic.com\/toode\/joulud-tsiuhti-mooda-saand-min-20\/"},"modified":"2023-09-29T09:34:27","modified_gmt":"2023-09-29T09:34:27","slug":"joulud-tsiuhti-mooda-saand-min-20-2","status":"publish","type":"product","link":"https:\/\/estonianmusic.com\/en\/toode\/joulud-tsiuhti-mooda-saand-min-20-2\/","title":{"rendered":"J\u00f5ulud tsiuhti m\u00f6\u00f6da saand (min 20)"},"content":{"rendered":"","protected":false},"excerpt":{"rendered":"<p>2 pages, a cappella or with acc.<\/p>\n<p><a href=\"https:\/\/estonianmusic.com\/wp-content\/uploads\/2023\/08\/Tsiuhti-naide.pdf\">Sample (pdf)<\/a><br \/>\nListen:<\/p>\n<!--[if lt IE 9]><script>document.createElement('audio');<\/script><![endif]-->\n<audio class=\"wp-audio-shortcode\" id=\"audio-7477-1\" preload=\"none\" style=\"width: 100%;\" controls=\"controls\"><source type=\"audio\/mpeg\" src=\"https:\/\/estonianmusic.com\/wp-content\/uploads\/2023\/08\/Joulud-tsiuhtiAA.mp3?_=1\" \/><a href=\"https:\/\/estonianmusic.com\/wp-content\/uploads\/2023\/08\/Joulud-tsiuhtiAA.mp3\">https:\/\/estonianmusic.com\/wp-content\/uploads\/2023\/08\/Joulud-tsiuhtiAA.mp3<\/a><\/audio>\n","protected":false},"featured_media":3431,"template":"","meta":{"_et_pb_use_builder":"","_et_pb_old_content":"","_et_gb_content_width":"","spay_email":""},"_links":{"self":[{"href":"https:\/\/estonianmusic.com\/en\/wp-json\/wp\/v2\/product\/7477"}],"collection":[{"href":"https:\/\/estonianmusic.com\/en\/wp-json\/wp\/v2\/product"}],"about":[{"href":"https:\/\/estonianmusic.com\/en\/wp-json\/wp\/v2\/types\/product"}],"wp:featuredmedia":[{"embeddable":true,"href":"https:\/\/estonianmusic.com\/en\/wp-json\/wp\/v2\/media\/3431"}],"wp:attachment":[{"href":"https:\/\/estonianmusic.com\/en\/wp-json\/wp\/v2\/media?parent=7477"}],"curies":[{"name":"wp","href":"https:\/\/api.w.org\/{rel}","templated":true}]}}