
{"id":7264,"date":"2023-05-10T12:07:45","date_gmt":"2023-05-10T12:11:04","guid":{"rendered":"https:\/\/estonianmusic.com\/toode\/kodus-on-meil-nonda-haa-childrens-songs-including-cd\/"},"modified":"2024-05-20T00:00:00","modified_gmt":"2024-05-20T00:00:00","slug":"kodus-on-meil-nonda-haa-lastelaulud-cd-2","status":"publish","type":"product","link":"https:\/\/estonianmusic.com\/en\/toode\/kodus-on-meil-nonda-haa-lastelaulud-cd-2\/","title":{"rendered":"Kodus on meil n\u00f5nda h\u00e4\u00e4! Children&#8217;s songs including cd"},"content":{"rendered":"","protected":false},"excerpt":{"rendered":"<p>Vastseliina lasteaia muusika\u00f5petaja Kairi Kuuse laulik sisaldab ligi 50 laulu ja laulum\u00e4ngu. Kogumikku kuulub ka cd-plaat, mille on sisse m\u00e4nginud Vastseliina Muusikakooli \u00f5petajad ja \u00f5pilased. Fonogrammid Ermo Talvik, cd-master Kasper Karner. Plaadil laulavad Maire Eliste Muusikastuudio laululapsed Anneli Kuuse juhendamisel.<br \/>\n36 pages, A4, color printing<br \/>\n<a href=\"https:\/\/estonianmusic.com\/wp-content\/uploads\/2023\/04\/Laulude_naited.pdf\">Samples<\/a><br \/>\n<a href=\"https:\/\/estonianmusic.com\/wp-content\/uploads\/2023\/04\/kuuskA4_sisu.pdf\">Contents<\/a><\/p>\n","protected":false},"featured_media":7235,"template":"","meta":{"_et_pb_use_builder":"","_et_pb_old_content":"","_et_gb_content_width":"","spay_email":""},"_links":{"self":[{"href":"https:\/\/estonianmusic.com\/en\/wp-json\/wp\/v2\/product\/7264"}],"collection":[{"href":"https:\/\/estonianmusic.com\/en\/wp-json\/wp\/v2\/product"}],"about":[{"href":"https:\/\/estonianmusic.com\/en\/wp-json\/wp\/v2\/types\/product"}],"wp:featuredmedia":[{"embeddable":true,"href":"https:\/\/estonianmusic.com\/en\/wp-json\/wp\/v2\/media\/7235"}],"wp:attachment":[{"href":"https:\/\/estonianmusic.com\/en\/wp-json\/wp\/v2\/media?parent=7264"}],"curies":[{"name":"wp","href":"https:\/\/api.w.org\/{rel}","templated":true}]}}