
{"id":7208,"date":"2023-04-12T10:35:04","date_gmt":"2023-04-12T11:54:14","guid":{"rendered":"https:\/\/estonianmusic.com\/toode\/laulik-vaike-laul-sobrale\/"},"modified":"2023-04-12T11:54:14","modified_gmt":"2023-04-12T11:54:14","slug":"laulik-vaike-laul-sobrale-2","status":"publish","type":"product","link":"https:\/\/estonianmusic.com\/en\/toode\/laulik-vaike-laul-sobrale-2\/","title":{"rendered":"Laulik &#8220;V\u00e4ike laul s\u00f5brale&#8221;"},"content":{"rendered":"","protected":false},"excerpt":{"rendered":"<p>Juhan Trumbi lastelaulude kogumik.<br \/>\n28 1-2h\u00e4\u00e4lest lastelaulu, meloodia akordim\u00e4rkidega<br \/>\n40 lk A4.<\/p>\n<p><a href=\"https:\/\/estonianmusic.com\/wp-content\/uploads\/2023\/04\/20201124_164632-1.pdf\">Contents<\/a><br \/>\n<a href=\"https:\/\/estonianmusic.com\/wp-content\/uploads\/2023\/04\/20201124_164658.pdf\">Samples<\/a><\/p>\n","protected":false},"featured_media":7191,"template":"","meta":{"_et_pb_use_builder":"","_et_pb_old_content":"","_et_gb_content_width":"","spay_email":""},"_links":{"self":[{"href":"https:\/\/estonianmusic.com\/en\/wp-json\/wp\/v2\/product\/7208"}],"collection":[{"href":"https:\/\/estonianmusic.com\/en\/wp-json\/wp\/v2\/product"}],"about":[{"href":"https:\/\/estonianmusic.com\/en\/wp-json\/wp\/v2\/types\/product"}],"wp:featuredmedia":[{"embeddable":true,"href":"https:\/\/estonianmusic.com\/en\/wp-json\/wp\/v2\/media\/7191"}],"wp:attachment":[{"href":"https:\/\/estonianmusic.com\/en\/wp-json\/wp\/v2\/media?parent=7208"}],"curies":[{"name":"wp","href":"https:\/\/api.w.org\/{rel}","templated":true}]}}