
{"id":7207,"date":"2023-04-12T10:32:30","date_gmt":"2023-04-12T11:53:55","guid":{"rendered":"https:\/\/estonianmusic.com\/toode\/laulik-pisiasi\/"},"modified":"2023-04-12T11:53:55","modified_gmt":"2023-04-12T11:53:55","slug":"laulik-pisiasi-2","status":"publish","type":"product","link":"https:\/\/estonianmusic.com\/en\/toode\/laulik-pisiasi-2\/","title":{"rendered":"Laulik &#8220;Pisiasi&#8221;"},"content":{"rendered":"","protected":false},"excerpt":{"rendered":"<p>Juhan Trumbi lastelaulude kogumik.<br \/>\n21 1-2h\u00e4\u00e4lest lastelaulu, meloodia akordim\u00e4rkidega<br \/>\n32 lk A4.<\/p>\n<p><a href=\"https:\/\/estonianmusic.com\/wp-content\/uploads\/2023\/04\/20201124_165000.pdf\">Contents<\/a><br \/>\n<a href=\"https:\/\/estonianmusic.com\/wp-content\/uploads\/2023\/04\/20201124_165054.pdf\">Samples<\/a><\/p>\n","protected":false},"featured_media":7189,"template":"","meta":{"_et_pb_use_builder":"","_et_pb_old_content":"","_et_gb_content_width":"","spay_email":""},"_links":{"self":[{"href":"https:\/\/estonianmusic.com\/en\/wp-json\/wp\/v2\/product\/7207"}],"collection":[{"href":"https:\/\/estonianmusic.com\/en\/wp-json\/wp\/v2\/product"}],"about":[{"href":"https:\/\/estonianmusic.com\/en\/wp-json\/wp\/v2\/types\/product"}],"wp:featuredmedia":[{"embeddable":true,"href":"https:\/\/estonianmusic.com\/en\/wp-json\/wp\/v2\/media\/7189"}],"wp:attachment":[{"href":"https:\/\/estonianmusic.com\/en\/wp-json\/wp\/v2\/media?parent=7207"}],"curies":[{"name":"wp","href":"https:\/\/api.w.org\/{rel}","templated":true}]}}