
{"id":7205,"date":"2023-04-04T11:26:36","date_gmt":"2023-04-12T11:53:16","guid":{"rendered":"https:\/\/estonianmusic.com\/toode\/vaikesed-ja-suured-lood-laulud-mangud-ja-salmid-ja-moistatused\/"},"modified":"2023-04-12T11:53:16","modified_gmt":"2023-04-12T11:53:16","slug":"vaikesed-ja-suured-lood-laulud-mangud-ja-salmid-ja-moistatused-2","status":"publish","type":"product","link":"https:\/\/estonianmusic.com\/en\/toode\/vaikesed-ja-suured-lood-laulud-mangud-ja-salmid-ja-moistatused-2\/","title":{"rendered":"V\u00e4ikesed ja suured lood. Laulud, m\u00e4ngud ja salmid ja m\u00f5istatused"},"content":{"rendered":"","protected":false},"excerpt":{"rendered":"<p>Kogumikust leiate laule, laulum\u00e4nge, salme ja m\u00f5istatusi 2-7 aastastele lastele. L\u00e4bivaks teemaks on r\u00e4ndamine ja seiklemine l\u00e4bi Eestimaa, kohtumine s\u00f5pradega, tutvumine loomade ja lindudega, m\u00e4rkamine ja hoolimine.<br \/>\n40 lk, A4<\/p>\n<p><a href=\"https:\/\/estonianmusic.com\/wp-content\/uploads\/2023\/04\/Laulude-naited.pdf\">Samples<\/a><\/p>\n","protected":false},"featured_media":7173,"template":"","meta":{"_et_pb_use_builder":"","_et_pb_old_content":"","_et_gb_content_width":"","spay_email":""},"_links":{"self":[{"href":"https:\/\/estonianmusic.com\/en\/wp-json\/wp\/v2\/product\/7205"}],"collection":[{"href":"https:\/\/estonianmusic.com\/en\/wp-json\/wp\/v2\/product"}],"about":[{"href":"https:\/\/estonianmusic.com\/en\/wp-json\/wp\/v2\/types\/product"}],"wp:featuredmedia":[{"embeddable":true,"href":"https:\/\/estonianmusic.com\/en\/wp-json\/wp\/v2\/media\/7173"}],"wp:attachment":[{"href":"https:\/\/estonianmusic.com\/en\/wp-json\/wp\/v2\/media?parent=7205"}],"curies":[{"name":"wp","href":"https:\/\/api.w.org\/{rel}","templated":true}]}}