
{"id":6864,"date":"2022-11-14T10:45:52","date_gmt":"2022-11-15T10:36:49","guid":{"rendered":"https:\/\/estonianmusic.com\/toode\/loovuslapse-laulud-cd-songbook-for-children\/"},"modified":"2022-11-15T10:36:49","modified_gmt":"2022-11-15T10:36:49","slug":"loovuslapse-laulud-cd-2","status":"publish","type":"product","link":"https:\/\/estonianmusic.com\/en\/toode\/loovuslapse-laulud-cd-2\/","title":{"rendered":"Loovuslapse laulud +cd. Songbook for children"},"content":{"rendered":"","protected":false},"excerpt":{"rendered":"<p>Liis Polli on l\u00f5petanud Tallinna \u00dclikooli muusika\u00f5petaja erialal ja t\u00f6\u00f6tanud al 2014 MT\u00dc Loovuslaps juhataja ja huvirinigide juhendajana.<br \/>\nKahasse Sirje Toomperega on tema lastelaulud ilmunud ka kogumikus &#8220;Pollipere m\u00e4ngulood&#8221;. Enamik laule siit kogust on loodud v\u00e4ikelasate muusikalise \u00f5ueringi tarbeks, kus k\u00e4ivad koos 1-4 aastased lapsed.<br \/>\n20 laulu, 24 lk, kaasas cd fonodega.<\/p>\n<p><a href=\"https:\/\/estonianmusic.com\/wp-content\/uploads\/2022\/11\/20200629_131547.pdf\">Contents<\/a><br \/>\n<a href=\"https:\/\/estonianmusic.com\/wp-content\/uploads\/2022\/11\/20200629_131634.pdf\">Samples<\/a><\/p>\n","protected":false},"featured_media":7804,"template":"","meta":{"_et_pb_use_builder":"","_et_pb_old_content":"","_et_gb_content_width":"","spay_email":""},"_links":{"self":[{"href":"https:\/\/estonianmusic.com\/en\/wp-json\/wp\/v2\/product\/6864"}],"collection":[{"href":"https:\/\/estonianmusic.com\/en\/wp-json\/wp\/v2\/product"}],"about":[{"href":"https:\/\/estonianmusic.com\/en\/wp-json\/wp\/v2\/types\/product"}],"wp:featuredmedia":[{"embeddable":true,"href":"https:\/\/estonianmusic.com\/en\/wp-json\/wp\/v2\/media\/7804"}],"wp:attachment":[{"href":"https:\/\/estonianmusic.com\/en\/wp-json\/wp\/v2\/media?parent=6864"}],"curies":[{"name":"wp","href":"https:\/\/api.w.org\/{rel}","templated":true}]}}