
{"id":6863,"date":"2022-11-06T11:45:44","date_gmt":"2022-11-15T10:35:45","guid":{"rendered":"https:\/\/estonianmusic.com\/toode\/lapseks-olemise-room-2-cd-d-songbook\/"},"modified":"2022-11-15T10:35:45","modified_gmt":"2022-11-15T10:35:45","slug":"lapseks-olemise-room-2-cd-d-songbook","status":"publish","type":"product","link":"https:\/\/estonianmusic.com\/en\/toode\/lapseks-olemise-room-2-cd-d-songbook\/","title":{"rendered":"&#8220;Lapseks olemise r\u00f5\u00f5m&#8221; +2 cd-d. Songbook"},"content":{"rendered":"","protected":false},"excerpt":{"rendered":"<p>Politseiorkesti poolt koostatud ja v\u00e4ljaantud noodiraamatust &#8220;Lapseks olemise r\u00f5\u00f5m&#8221; leiate paremiku samanimelisele lastelaulude konkurssile laekunud paladest. Isa ja taadiga onni ehitamine, perega matkamine, seiklused meremehena ja toredate t\u00e4htp\u00e4evade t\u00e4histamised \u2013 need on vaid m\u00f5ned tegevused ja t\u00e4htsad teemad, mis on talletatud selle noodiraamatu kaante vahel olevatesse lauludesse ning panevad v\u00e4ikestel inimestel silma s\u00e4rama.<br \/>\nK\u00e4esolev v\u00e4ljaanne koondab endas k\u00f5igi nende laulude noote, lisaks mahub kaante vahele ka kaks CD-plaati, kus \u00fchel terviklikud lood ja teisel ainult instumentaalp\u00f5hjad lugude m\u00f5nusamaks kaasa laulmiseks.<br \/>\n14 songs with melody line and chords, 1-3 voices, 40 pages. with 2 cd&#8217;s including playbacks<\/p>\n<p><a href=\"https:\/\/estonianmusic.com\/wp-content\/uploads\/2022\/11\/sisukord_taielik.pdf\">List of songs and authors<\/a><br \/>\n<a href=\"https:\/\/estonianmusic.com\/wp-content\/uploads\/2022\/11\/Naited_veebi.pdf\">Samples<\/a><\/p>\n","protected":false},"featured_media":6826,"template":"","meta":{"_et_pb_use_builder":"","_et_pb_old_content":"","_et_gb_content_width":"","spay_email":""},"_links":{"self":[{"href":"https:\/\/estonianmusic.com\/en\/wp-json\/wp\/v2\/product\/6863"}],"collection":[{"href":"https:\/\/estonianmusic.com\/en\/wp-json\/wp\/v2\/product"}],"about":[{"href":"https:\/\/estonianmusic.com\/en\/wp-json\/wp\/v2\/types\/product"}],"wp:featuredmedia":[{"embeddable":true,"href":"https:\/\/estonianmusic.com\/en\/wp-json\/wp\/v2\/media\/6826"}],"wp:attachment":[{"href":"https:\/\/estonianmusic.com\/en\/wp-json\/wp\/v2\/media?parent=6863"}],"curies":[{"name":"wp","href":"https:\/\/api.w.org\/{rel}","templated":true}]}}