
{"id":6861,"date":"2022-11-06T11:21:28","date_gmt":"2022-11-15T10:33:08","guid":{"rendered":"https:\/\/estonianmusic.com\/toode\/janika-sillamaa-oma-loodud-oma-lauldud-songbook\/"},"modified":"2022-11-15T10:33:08","modified_gmt":"2022-11-15T10:33:08","slug":"janika-sillamaa-oma-loodud-oma-lauldud-2","status":"publish","type":"product","link":"https:\/\/estonianmusic.com\/en\/toode\/janika-sillamaa-oma-loodud-oma-lauldud-2\/","title":{"rendered":"Janika Sillamaa &#8220;Oma loodud, oma lauldud&#8221;. Songbook"},"content":{"rendered":"","protected":false},"excerpt":{"rendered":"<p>Noodiraamat \u201eOma loodud, oma lauldud\u201c on Janika Sillamaa autorikogumik lauludest, mis p\u00e4rit albumilt \u201eT\u00e4iskohaga naine\u201c, lisaks lood mitmest muusikalist ja filmist ning veel \u00fcht-teist. Suurem osa lauludest selles noodiraamatus on kirjutatud mitmele lauljale, ehk lisaks solistile on 2 v\u00f5i 3-h\u00e4\u00e4lne saateansambel. Lihtsamatel lugudel on peal akordim\u00e4rgid, keerulisematel on v\u00e4lja kirjutatud klaveripartii.<br \/>\n20 songs, 150 pages<\/p>\n","protected":false},"featured_media":6822,"template":"","meta":{"_et_pb_use_builder":"","_et_pb_old_content":"","_et_gb_content_width":"","spay_email":""},"_links":{"self":[{"href":"https:\/\/estonianmusic.com\/en\/wp-json\/wp\/v2\/product\/6861"}],"collection":[{"href":"https:\/\/estonianmusic.com\/en\/wp-json\/wp\/v2\/product"}],"about":[{"href":"https:\/\/estonianmusic.com\/en\/wp-json\/wp\/v2\/types\/product"}],"wp:featuredmedia":[{"embeddable":true,"href":"https:\/\/estonianmusic.com\/en\/wp-json\/wp\/v2\/media\/6822"}],"wp:attachment":[{"href":"https:\/\/estonianmusic.com\/en\/wp-json\/wp\/v2\/media?parent=6861"}],"curies":[{"name":"wp","href":"https:\/\/api.w.org\/{rel}","templated":true}]}}