
{"id":6859,"date":"2022-09-16T09:07:09","date_gmt":"2022-11-15T10:30:10","guid":{"rendered":"https:\/\/estonianmusic.com\/toode\/jouluohtul-christmas-night-min-20\/"},"modified":"2022-11-15T10:30:10","modified_gmt":"2022-11-15T10:30:10","slug":"jouluohtul-min-20-2","status":"publish","type":"product","link":"https:\/\/estonianmusic.com\/en\/toode\/jouluohtul-min-20-2\/","title":{"rendered":"J\u00f5ulu\u00f5htul \/ Christmas Night (min 20)"},"content":{"rendered":"","protected":false},"excerpt":{"rendered":"<p>Lyrics by M. Krimm, 3 pages, in estonian<\/p>\n<p><a href=\"https:\/\/estonianmusic.com\/wp-content\/uploads\/2022\/09\/Magi_Jouluohtul_Naide.pdf\">M\u00e4gi_J\u00f5ulu\u00f5htul_Sample<\/a><\/p>\n","protected":false},"featured_media":3431,"template":"","meta":{"_et_pb_use_builder":"","_et_pb_old_content":"","_et_gb_content_width":"","spay_email":""},"_links":{"self":[{"href":"https:\/\/estonianmusic.com\/en\/wp-json\/wp\/v2\/product\/6859"}],"collection":[{"href":"https:\/\/estonianmusic.com\/en\/wp-json\/wp\/v2\/product"}],"about":[{"href":"https:\/\/estonianmusic.com\/en\/wp-json\/wp\/v2\/types\/product"}],"wp:featuredmedia":[{"embeddable":true,"href":"https:\/\/estonianmusic.com\/en\/wp-json\/wp\/v2\/media\/3431"}],"wp:attachment":[{"href":"https:\/\/estonianmusic.com\/en\/wp-json\/wp\/v2\/media?parent=6859"}],"curies":[{"name":"wp","href":"https:\/\/api.w.org\/{rel}","templated":true}]}}