
{"id":6519,"date":"2022-03-17T10:55:29","date_gmt":"2022-03-17T11:08:51","guid":{"rendered":"https:\/\/estonianmusic.com\/toode\/lasterikkuse-volumaailm-cd\/"},"modified":"2022-03-17T11:08:51","modified_gmt":"2022-03-17T11:08:51","slug":"lasterikkuse-volumaailm-cd-2","status":"publish","type":"product","link":"https:\/\/estonianmusic.com\/en\/toode\/lasterikkuse-volumaailm-cd-2\/","title":{"rendered":"Lasterikkuse v\u00f5lumaailm (+cd)"},"content":{"rendered":"","protected":false},"excerpt":{"rendered":"<p>\u201dLasterikkuse v\u00f5lumaailm\u201d \u2013 2022. aastal ilmunud heategevuslik noodiraamat, mis on v\u00e4lja kasvanud samanimelisest laulukonkursist. K\u00e4esoleva kogumikuga soovitakse edasi anda s\u00f5numit, kuiv\u00f5rd r\u00f5\u00f5mutoov on lasterikkus. Kogumikus on 70 unikaalset lastelaulu, mis sobivad m\u00e4ngimiseks ja kaasa laulmiseks nii lasteaialastele, koolilastele kui ka noortele. Lisaks leiad noodiraamatust 192 v\u00e4ga vahvat ja oman\u00e4olist laste joonistust, mis illustreerivad ilmunud heliteoseid.<br \/>\n156 lk, 70 laulu, kaasas cd 30 lauluga<\/p>\n<p><a href=\"https:\/\/estonianmusic.com\/wp-content\/uploads\/2022\/03\/20191031_130835.pdf\">List of songs<\/a><br \/>\n<a href=\"https:\/\/estonianmusic.com\/wp-content\/uploads\/2022\/03\/20191031_130747-1.pdf\">Laulud cd-l<\/a><\/p>\n","protected":false},"featured_media":6514,"template":"","meta":{"_et_pb_use_builder":"","_et_pb_old_content":"","_et_gb_content_width":"","spay_email":""},"_links":{"self":[{"href":"https:\/\/estonianmusic.com\/en\/wp-json\/wp\/v2\/product\/6519"}],"collection":[{"href":"https:\/\/estonianmusic.com\/en\/wp-json\/wp\/v2\/product"}],"about":[{"href":"https:\/\/estonianmusic.com\/en\/wp-json\/wp\/v2\/types\/product"}],"wp:featuredmedia":[{"embeddable":true,"href":"https:\/\/estonianmusic.com\/en\/wp-json\/wp\/v2\/media\/6514"}],"wp:attachment":[{"href":"https:\/\/estonianmusic.com\/en\/wp-json\/wp\/v2\/media?parent=6519"}],"curies":[{"name":"wp","href":"https:\/\/api.w.org\/{rel}","templated":true}]}}