
{"id":6518,"date":"2022-03-17T10:44:33","date_gmt":"2022-03-17T11:08:20","guid":{"rendered":"https:\/\/estonianmusic.com\/toode\/muinasjutt-muusikal-merineitsi-cd\/"},"modified":"2022-03-17T11:08:20","modified_gmt":"2022-03-17T11:08:20","slug":"muinasjutt-muusikal-merineitsi-cd-2","status":"publish","type":"product","link":"https:\/\/estonianmusic.com\/en\/toode\/muinasjutt-muusikal-merineitsi-cd-2\/","title":{"rendered":"Muinasjutt-muusikal \u201eMerineitsi\u201c +CD"},"content":{"rendered":"","protected":false},"excerpt":{"rendered":"<p>Muusikaliraamat \u201eMerineitsi\u201c on valminud Hans Christian Anderseni muinasjutu ainetel ja Rakvere Linnuses toimunud suvelavastuse p\u00f5hjal, kus nii tagakaane \u00fcmbrikus CD-l kui ka raamatus piltidena figureerivad Johanna-Elise Kabel <em>(t\u00fcdrukute triost Little Mess) <\/em>\u2013 merineitsi, Jaagup Tuisk \u2013 printsi ja Carmel Iris Teikari \u2013 meren\u00f5ia rollis.<\/p>\n<p>Raamat 78 lk, proosatekst ja laulud, kaasas cd<\/p>\n<p><a href=\"https:\/\/estonianmusic.com\/wp-content\/uploads\/2022\/03\/20191031_130622.pdf\">Sisukord<\/a><br \/>\n<a href=\"https:\/\/estonianmusic.com\/wp-content\/uploads\/2022\/03\/20191031_130400.pdf\">Samples<\/a><\/p>\n","protected":false},"featured_media":6511,"template":"","meta":{"_et_pb_use_builder":"","_et_pb_old_content":"","_et_gb_content_width":"","spay_email":""},"_links":{"self":[{"href":"https:\/\/estonianmusic.com\/en\/wp-json\/wp\/v2\/product\/6518"}],"collection":[{"href":"https:\/\/estonianmusic.com\/en\/wp-json\/wp\/v2\/product"}],"about":[{"href":"https:\/\/estonianmusic.com\/en\/wp-json\/wp\/v2\/types\/product"}],"wp:featuredmedia":[{"embeddable":true,"href":"https:\/\/estonianmusic.com\/en\/wp-json\/wp\/v2\/media\/6511"}],"wp:attachment":[{"href":"https:\/\/estonianmusic.com\/en\/wp-json\/wp\/v2\/media?parent=6518"}],"curies":[{"name":"wp","href":"https:\/\/api.w.org\/{rel}","templated":true}]}}