
{"id":6098,"date":"2021-07-26T12:04:14","date_gmt":"2021-07-26T12:04:14","guid":{"rendered":"https:\/\/estonianmusic.com\/?post_type=product&#038;p=6098"},"modified":"2021-09-15T13:24:50","modified_gmt":"2021-09-15T13:24:50","slug":"karnaps-helve-mikussaare-lastelaule-kopeeri","status":"publish","type":"product","link":"https:\/\/estonianmusic.com\/en\/toode\/karnaps-helve-mikussaare-lastelaule-kopeeri\/","title":{"rendered":"Karnaps. Helve Mikussaare lastelaule"},"content":{"rendered":"","protected":false},"excerpt":{"rendered":"<p>Helve Mikussaar (s.1951) on kauaaegne V\u00f5ru ja Antsla muusika\u00f5petaja, kes kokku kirjutanud umbes 700 laulu ja laulukest. Uues laulikust &#8220;Karnaps&#8221; leiate te neid \u00fcle 300, teksti autoriteks ikka eesti parimad luuletajad nagu Leelo Tungal, Milvi Panga, Erika Esop, Ira Lember jt. Asendamatu lauluvara eelkooliealistele! Lauliku kujundas Kertu Elfenbein.<br \/>\nFormaat A5, 270 lk.<\/p>\n<p><a href=\"https:\/\/estonianmusic.dev.unionfintech.com\/wp-content\/uploads\/2021\/02\/Mikussaar_Karnaps_Sisukord.pdf\">Mikussaar_Karnaps_Sisukord<\/a><\/p>\n<p>&nbsp;<\/p>\n","protected":false},"featured_media":6127,"template":"","meta":{"_et_pb_use_builder":"","_et_pb_old_content":"","_et_gb_content_width":"","spay_email":""},"_links":{"self":[{"href":"https:\/\/estonianmusic.com\/en\/wp-json\/wp\/v2\/product\/6098"}],"collection":[{"href":"https:\/\/estonianmusic.com\/en\/wp-json\/wp\/v2\/product"}],"about":[{"href":"https:\/\/estonianmusic.com\/en\/wp-json\/wp\/v2\/types\/product"}],"wp:featuredmedia":[{"embeddable":true,"href":"https:\/\/estonianmusic.com\/en\/wp-json\/wp\/v2\/media\/6127"}],"wp:attachment":[{"href":"https:\/\/estonianmusic.com\/en\/wp-json\/wp\/v2\/media?parent=6098"}],"curies":[{"name":"wp","href":"https:\/\/api.w.org\/{rel}","templated":true}]}}