
{"id":5897,"date":"2021-05-11T09:49:37","date_gmt":"2021-05-11T10:13:03","guid":{"rendered":"https:\/\/estonianmusic.com\/toode\/10-songs-for-mixed-choir-soloists-and-band-min-10\/"},"modified":"2021-08-30T16:28:24","modified_gmt":"2021-08-30T16:28:24","slug":"kumme-laulu-segakoorile-saatega-min-10","status":"publish","type":"product","link":"https:\/\/estonianmusic.com\/en\/toode\/kumme-laulu-segakoorile-saatega-min-10\/","title":{"rendered":"10 songs for mixed choir, soloists and band (min 10)"},"content":{"rendered":"","protected":false},"excerpt":{"rendered":"<p>choral arrangements with chords and lyrics<br \/>\n28 pages, A4<\/p>\n<p>Content:<br \/>\n1. Leib jahtub (a cappella)<br \/>\n2. Sellest mullast<br \/>\n3. Wunderkind<br \/>\n4. Hellus<br \/>\n5. Midagi siit, midagi sealt<br \/>\n6. M\u00f6\u00f6dunud aeg<br \/>\n7. Vanaisa<br \/>\n8. Nagu \u00f5hku, tuult ja valgust<br \/>\n9. Moonika<br \/>\n10. Las j\u00e4\u00e4da \u00fckski mets<\/p>\n<p>NB! Songs separately available, min 20 pc.<br \/>\n<a href=\"https:\/\/estonianmusic.com\/wp-content\/uploads\/2021\/05\/21404-Valkonen-10laulu_Naited.pdf\">21404 Valkonen 10laulu_Samples<\/a><\/p>\n","protected":false},"featured_media":5896,"template":"","meta":{"_et_pb_use_builder":"","_et_pb_old_content":"","_et_gb_content_width":"","spay_email":""},"_links":{"self":[{"href":"https:\/\/estonianmusic.com\/en\/wp-json\/wp\/v2\/product\/5897"}],"collection":[{"href":"https:\/\/estonianmusic.com\/en\/wp-json\/wp\/v2\/product"}],"about":[{"href":"https:\/\/estonianmusic.com\/en\/wp-json\/wp\/v2\/types\/product"}],"wp:featuredmedia":[{"embeddable":true,"href":"https:\/\/estonianmusic.com\/en\/wp-json\/wp\/v2\/media\/5896"}],"wp:attachment":[{"href":"https:\/\/estonianmusic.com\/en\/wp-json\/wp\/v2\/media?parent=5897"}],"curies":[{"name":"wp","href":"https:\/\/api.w.org\/{rel}","templated":true}]}}