
{"id":5790,"date":"2021-04-27T14:39:20","date_gmt":"2021-04-27T14:39:20","guid":{"rendered":"https:\/\/estonianmusic.com\/?post_type=product&#038;p=5790"},"modified":"2021-04-29T09:16:19","modified_gmt":"2021-04-29T09:16:19","slug":"astrid-lobini-lastelaule-cd-10-fonoga-2","status":"publish","type":"product","link":"https:\/\/estonianmusic.com\/en\/toode\/astrid-lobini-lastelaule-cd-10-fonoga-2\/","title":{"rendered":"Astrid L\u00f5bini lastelaule +cd 10 fonoga"},"content":{"rendered":"<p>&nbsp;<\/p>\n<p>&nbsp;<\/p>\n","protected":false},"excerpt":{"rendered":"<p>Eesti vanema p\u00f5lve laululooja Astrid L\u00f5bini lastelaulude kogumik sisaldab 51 lastelaulu, sh sellised armsakssaanud lood nagu &#8220;Kaks kalameest&#8221;, &#8220;L\u00f5bus j\u00e4nkulaps&#8221; ja &#8220;Minu ema&#8221;. Lisaks laule tuulesellidest, pokudest, kr\u00f5llidest, sipsikutest, p\u00e4tudest jt.<br \/>\nSobilik eelkooliealistele.<br \/>\nFormaat A4, 32 lk, 51 lugu.<\/p>\n<p><a href=\"https:\/\/estonianmusic.com\/wp-content\/uploads\/2021\/02\/Lobin_Nimestik.pdf\">L\u00f5bin_Nimestik<\/a><br \/>\n<a href=\"https:\/\/estonianmusic.com\/wp-content\/uploads\/2021\/02\/Lobin_naited.pdf\">L\u00f5bin_n\u00e4ited<\/a><\/p>\n","protected":false},"featured_media":1729,"template":"","meta":{"_et_pb_use_builder":"","_et_pb_old_content":"","_et_gb_content_width":"","spay_email":""},"_links":{"self":[{"href":"https:\/\/estonianmusic.com\/en\/wp-json\/wp\/v2\/product\/5790"}],"collection":[{"href":"https:\/\/estonianmusic.com\/en\/wp-json\/wp\/v2\/product"}],"about":[{"href":"https:\/\/estonianmusic.com\/en\/wp-json\/wp\/v2\/types\/product"}],"wp:featuredmedia":[{"embeddable":true,"href":"https:\/\/estonianmusic.com\/en\/wp-json\/wp\/v2\/media\/1729"}],"wp:attachment":[{"href":"https:\/\/estonianmusic.com\/en\/wp-json\/wp\/v2\/media?parent=5790"}],"curies":[{"name":"wp","href":"https:\/\/api.w.org\/{rel}","templated":true}]}}