
{"id":5700,"date":"2021-04-19T16:30:14","date_gmt":"2021-04-19T20:49:15","guid":{"rendered":"https:\/\/estonianmusic.com\/toode\/egle-ja-kassipere-aasta-children-s-book-with-pictures-and-songs\/"},"modified":"2021-04-19T20:49:15","modified_gmt":"2021-04-19T20:49:15","slug":"egle-ja-kassipere-aasta-pildi-ja-lauluraamat-cd-2","status":"publish","type":"product","link":"https:\/\/estonianmusic.com\/en\/toode\/egle-ja-kassipere-aasta-pildi-ja-lauluraamat-cd-2\/","title":{"rendered":"Egle ja kassipere aasta. Children-s book with pictures and songs"},"content":{"rendered":"","protected":false},"excerpt":{"rendered":"<p>Cd with playbacks included N\u00f5nda koos m\u00e4ngides ning maailma avastades sirguvad lustlikest ja uudishimulikest kiisukestest aasta jooksul s\u00f5bralikud, targad ja ilusad kassid. Raamat sai alguse Tartu kunstnik ANNELI TERASE v\u00e4ikestest loomapiltidest. Neist inspireerituna kirjutas \u00f5petliku ja siduva loo LIIDJA SEPP, L\u00e4\u00e4ne-Virumaa n\u00e4itejuht ja lavastaja, kelle sulest on varem ilmunud mitmeid n\u00e4idendeid ja lavalugusid. Raamatust leiate ka 11 tuliuut lastelaulu, mille autoriks on AVE KUMPAS, meie teenekas ja armastatud muusikapedagoog ning laulukirjutaja. Kaasasoleval cd-l on k\u00f5ikide laulude fonogrammid.<\/p>\n<p>60 pages, cd with 11 tracks<br \/>\nHardbounded<\/p>\n<p><a href=\"https:\/\/estonianmusic.dev.unionfintech.com\/wp-content\/uploads\/2021\/04\/Egle_Laulud.pdf\">Egle_Songs (pdf)<\/a><\/p>\n<p>&nbsp;<\/p>\n","protected":false},"featured_media":5683,"template":"","meta":{"_et_pb_use_builder":"","_et_pb_old_content":"","_et_gb_content_width":"","spay_email":""},"_links":{"self":[{"href":"https:\/\/estonianmusic.com\/en\/wp-json\/wp\/v2\/product\/5700"}],"collection":[{"href":"https:\/\/estonianmusic.com\/en\/wp-json\/wp\/v2\/product"}],"about":[{"href":"https:\/\/estonianmusic.com\/en\/wp-json\/wp\/v2\/types\/product"}],"wp:featuredmedia":[{"embeddable":true,"href":"https:\/\/estonianmusic.com\/en\/wp-json\/wp\/v2\/media\/5683"}],"wp:attachment":[{"href":"https:\/\/estonianmusic.com\/en\/wp-json\/wp\/v2\/media?parent=5700"}],"curies":[{"name":"wp","href":"https:\/\/api.w.org\/{rel}","templated":true}]}}