
{"id":5699,"date":"2021-04-19T16:07:01","date_gmt":"2021-04-19T20:40:04","guid":{"rendered":"https:\/\/estonianmusic.com\/toode\/imeline-muna-musical-piece-including-cd-with-playbacks\/"},"modified":"2021-04-19T20:40:04","modified_gmt":"2021-04-19T20:40:04","slug":"imeline-muna-laulumang-cd-2","status":"publish","type":"product","link":"https:\/\/estonianmusic.com\/en\/toode\/imeline-muna-laulumang-cd-2\/","title":{"rendered":"Imeline muna. Musical piece including cd with playbacks"},"content":{"rendered":"","protected":false},"excerpt":{"rendered":"<p>Laulum\u00e4ngu autor on Kaari Sillamaa, kujundaja Pille Kose.<br \/>\nKevad on k\u00e4es ja linnud on korraldanud Metsa Lauluv\u00f5istluse, mille \u017e\u00fcriiks \u00d6\u00f6kull ja Toonekurg. Kui v\u00f5itja \u00d6\u00f6bik on v\u00e4lja kuulutatud, otsustab pettunud Harakas k\u00e4ttemaksuks \u201e\u00f6\u00f6 \u00e4ra likvideerida\u201c, et \u00d6\u00f6bik enam toomepuul laulda ei saaks.<br \/>\nTaevariigis k\u00e4ib aga oma elu, kus Kuu ja P\u00e4ike omavahel samuti v\u00f5istlevad, et kumb parem, vajalikum ja kaunim on. Puhkamas k\u00e4ivad nemad kordam\u00f6\u00f6da Taevases Aias \u2013 \u00fcks p\u00e4eval, teine \u00f6\u00f6sel. Taevav\u00e4rava v\u00f5tit hoiab enese k\u00e4es v\u00e4ike V\u00f5tmehaldjas, kes elab Imelise muna sees.<br \/>\nKaks lugu l\u00e4hevad omavahel hullumoodi segamini, kui Harakas laseb Tuulet\u00fcdrukul Imelise Muna taevast alla \u2013 maa peale visata. Lisaks p\u00f5imunud s\u00fcndmustele toimetatakse ka juba Lihav\u00f5ttep\u00fchade ja Emadep\u00e4eva ootuses.<br \/>\nLaulud on vokaalselt \u00fcsna n\u00f5udlikud, aga Kaunite Kunstide Kooli etenduses esitasid neid 6-12-aastased lapsed, nii et paras materjal nii lasteaia vanematele r\u00fchmadele kui ka koolide alg- ja keskklasside \u00f5pilastele. Keerulisemaid tegelasi saavad ka \u00f5petajad esitada.<br \/>\nRaamatus libreto, noodid ja fotoillustratsioonid, tagakaane taskus CD laulude ja fonogrammide ja muusikaliste vahek\u00f5llidega, mille ajal lavapilte vahetada. Laulud arran\u017eeerinud Janika ja Kaari Sillamaa<\/p>\n<p>Fonogrammid on salvestatud Studio89-s, stuudiomuusikuteks Eda Pe\u00e4ske (harf), Mari Liis Viherm\u00e4e (fl\u00f6\u00f6t), Egert Leinsaar (viiul), Villu Viherm\u00e4e (t\u0161ello).<br \/>\nHelire\u017eiss\u00f6\u00f6r Franck Reisner<\/p>\n","protected":false},"featured_media":5680,"template":"","meta":{"_et_pb_use_builder":"","_et_pb_old_content":"","_et_gb_content_width":"","spay_email":""},"_links":{"self":[{"href":"https:\/\/estonianmusic.com\/en\/wp-json\/wp\/v2\/product\/5699"}],"collection":[{"href":"https:\/\/estonianmusic.com\/en\/wp-json\/wp\/v2\/product"}],"about":[{"href":"https:\/\/estonianmusic.com\/en\/wp-json\/wp\/v2\/types\/product"}],"wp:featuredmedia":[{"embeddable":true,"href":"https:\/\/estonianmusic.com\/en\/wp-json\/wp\/v2\/media\/5680"}],"wp:attachment":[{"href":"https:\/\/estonianmusic.com\/en\/wp-json\/wp\/v2\/media?parent=5699"}],"curies":[{"name":"wp","href":"https:\/\/api.w.org\/{rel}","templated":true}]}}