
{"id":5618,"date":"2021-04-15T09:45:03","date_gmt":"2021-04-15T10:09:56","guid":{"rendered":"https:\/\/estonianmusic.com\/toode\/pohja-vahemang\/"},"modified":"2021-04-15T10:09:56","modified_gmt":"2021-04-15T10:09:56","slug":"pohja-vahemang-2","status":"publish","type":"product","link":"https:\/\/estonianmusic.com\/en\/toode\/pohja-vahemang-2\/","title":{"rendered":"P\u00f5hja vahem\u00e4ng"},"content":{"rendered":"","protected":false},"excerpt":{"rendered":"<p><strong>Jaak Johanson &amp; Mart Johanson<br \/>\nContent:<br \/>\n<\/strong><span class=\"text\">1. Laevategemine(Trad.)<br \/>\n2. P\u00f5hja vahem\u00e4ng (Trad.)<br \/>\n3. Pool\u00fcksk\u00f5ik (J.Johanson)<br \/>\n4. Liiga selge (J.Johanson)<br \/>\n5. Sild on katki (Trad.)<br \/>\n6. Lahtil\u00fckkamine (J.Johanson)<br \/>\n7. Ammu (M.Johanson)<br \/>\n8. Annan Waters (Trad.)<br \/>\n9. Mu s\u00fcda \u00e4rka \u00fcles (Trad.)<br \/>\n10. Tuhat t\u00e4nu (J.Johanson)<br \/>\n11. Hingamine (J.Johanson)<br \/>\n12. Isa s\u00f5nad (Laulikust)<br \/>\n13. Ojapera \u00f6\u00f6bik<\/span><\/p>\n","protected":false},"featured_media":5613,"template":"","meta":{"_et_pb_use_builder":"","_et_pb_old_content":"","_et_gb_content_width":"","spay_email":""},"_links":{"self":[{"href":"https:\/\/estonianmusic.com\/en\/wp-json\/wp\/v2\/product\/5618"}],"collection":[{"href":"https:\/\/estonianmusic.com\/en\/wp-json\/wp\/v2\/product"}],"about":[{"href":"https:\/\/estonianmusic.com\/en\/wp-json\/wp\/v2\/types\/product"}],"wp:featuredmedia":[{"embeddable":true,"href":"https:\/\/estonianmusic.com\/en\/wp-json\/wp\/v2\/media\/5613"}],"wp:attachment":[{"href":"https:\/\/estonianmusic.com\/en\/wp-json\/wp\/v2\/media?parent=5618"}],"curies":[{"name":"wp","href":"https:\/\/api.w.org\/{rel}","templated":true}]}}