
{"id":5544,"date":"2021-04-10T18:13:20","date_gmt":"2021-04-10T18:54:44","guid":{"rendered":"https:\/\/estonianmusic.com\/toode\/songs-of-a-village-girl\/"},"modified":"2021-04-10T21:12:21","modified_gmt":"2021-04-10T21:12:21","slug":"kulapiiga-laulud","status":"publish","type":"product","link":"https:\/\/estonianmusic.com\/en\/toode\/kulapiiga-laulud\/","title":{"rendered":"Songs of a Village Girl"},"content":{"rendered":"","protected":false},"excerpt":{"rendered":"<p>for voice and piano<br \/>\nTranslations by <em>Kristin Kuutma<\/em><br \/>\n<em>A4, 68 pages<\/em><\/p>\n<p><strong>Content:<br \/>\n<\/strong>1. Kolm k\u00e4tkit \/ Three Cradles<br \/>\n2. Kuldsed juuksed \/ Golden Hair<br \/>\n3. \u00dchte laulud laugenevad \/ Songs Sound the Same<br \/>\n4. Oh te hullud kiigesepad \/ Oh You Naughty Swingbuilders<br \/>\n5. Tuulehobu \/ Wind Horse<br \/>\n6. K\u00f5ik on mehed, kel on m\u00fctsid \/ All Are Men Who Wear Hats<br \/>\n7. K\u00fcll olid meeles mitu korda \/ You Were On My Mind<br \/>\n8. Jutud juustes \/ Stories in the Hair<br \/>\n9. Tulin v\u00e4ljalta v\u00e4sinud \/ Returned Tired from the Field<br \/>\n10. Pihas piitsahoobid \/ Whip On My Back<br \/>\n11. K\u00e4okiri \/ Cuckoo Patterns<br \/>\n12. Kiidut\u00fctar \/ Praised Daughter<br \/>\n13. \u00dcksi j\u00e4in mina h\u00fc\u00fcdemaie \/ I Was Left Alone to Cry<br \/>\n14. Ilma armid \/ Scars of the World<br \/>\n15. S\u00fcda serviti \/ Heart Edgeways<br \/>\n16. Mis sa tuigud, tuulekene \/ Why do You Swirl, Dear Wind<br \/>\n17. Kuu m\u00e4ngib kudrustega \/ Moon Plays with Beads<br \/>\n18. Laulame ligi k\u00fclada \/ We Sing Near the Village<\/p>\n<p><a href=\"https:\/\/estonianmusic.dev.unionfintech.com\/wp-content\/uploads\/2021\/04\/2602-Marguste_Kulapiiga-laulud.pdf\">2602 Marguste_Kulapiiga laulud<\/a><\/p>\n<p><em> <\/em><\/p>\n<p>&nbsp;<\/p>\n","protected":false},"featured_media":5534,"template":"","meta":{"_et_pb_use_builder":"","_et_pb_old_content":"","_et_gb_content_width":"","spay_email":""},"_links":{"self":[{"href":"https:\/\/estonianmusic.com\/en\/wp-json\/wp\/v2\/product\/5544"}],"collection":[{"href":"https:\/\/estonianmusic.com\/en\/wp-json\/wp\/v2\/product"}],"about":[{"href":"https:\/\/estonianmusic.com\/en\/wp-json\/wp\/v2\/types\/product"}],"wp:featuredmedia":[{"embeddable":true,"href":"https:\/\/estonianmusic.com\/en\/wp-json\/wp\/v2\/media\/5534"}],"wp:attachment":[{"href":"https:\/\/estonianmusic.com\/en\/wp-json\/wp\/v2\/media?parent=5544"}],"curies":[{"name":"wp","href":"https:\/\/api.w.org\/{rel}","templated":true}]}}