
{"id":5383,"date":"2021-02-23T17:38:29","date_gmt":"2021-04-06T16:39:17","guid":{"rendered":"https:\/\/estonianmusic.com\/toode\/nine-estonian-harvest-songs-min-20\/"},"modified":"2021-08-30T15:28:49","modified_gmt":"2021-08-30T15:28:49","slug":"kaks-laulu-e-enno-sonadele-min-20-tk-3","status":"publish","type":"product","link":"https:\/\/estonianmusic.com\/en\/toode\/kaks-laulu-e-enno-sonadele-min-20-tk-3\/","title":{"rendered":"Nine Estonian Harvest Songs (min 20)"},"content":{"rendered":"","protected":false},"excerpt":{"rendered":"<p><strong class=\"title\">Partitur <\/strong><span class=\"subtitle\">Carus9.226\/00, 8pages<\/span><span class=\"info d-block\">, A4,<br \/>\nin estonian <\/span><\/p>\n<p>1. L\u00f5pe, l\u00f5pe, p\u00f5llukene<br \/>\n2. Halb sirp<br \/>\n3. Hea saak<br \/>\n4. Viljapeade korjaja<br \/>\n5. V\u00e4ljad karja k\u00e4ia<br \/>\n6. L\u00e4hme uuele eelel<br \/>\n7. Kuhjalooja<br \/>\n8. L\u00f5ikuse l\u00f5petus<br \/>\n9. \u00d5htule minek<\/p>\n","protected":false},"featured_media":3292,"template":"","meta":{"_et_pb_use_builder":"","_et_pb_old_content":"","_et_gb_content_width":"","spay_email":""},"_links":{"self":[{"href":"https:\/\/estonianmusic.com\/en\/wp-json\/wp\/v2\/product\/5383"}],"collection":[{"href":"https:\/\/estonianmusic.com\/en\/wp-json\/wp\/v2\/product"}],"about":[{"href":"https:\/\/estonianmusic.com\/en\/wp-json\/wp\/v2\/types\/product"}],"wp:featuredmedia":[{"embeddable":true,"href":"https:\/\/estonianmusic.com\/en\/wp-json\/wp\/v2\/media\/3292"}],"wp:attachment":[{"href":"https:\/\/estonianmusic.com\/en\/wp-json\/wp\/v2\/media?parent=5383"}],"curies":[{"name":"wp","href":"https:\/\/api.w.org\/{rel}","templated":true}]}}