
{"id":5307,"date":"2021-01-23T14:35:10","date_gmt":"2021-04-05T17:53:41","guid":{"rendered":"https:\/\/estonianmusic.com\/toode\/naeruputukas\/"},"modified":"2021-04-05T17:53:41","modified_gmt":"2021-04-05T17:53:41","slug":"naeruputukas-2","status":"publish","type":"product","link":"https:\/\/estonianmusic.com\/en\/toode\/naeruputukas-2\/","title":{"rendered":"Naeruputukas"},"content":{"rendered":"<p><a href=\"https:\/\/estonianmusic.com\/?attachment_id=1167\" rel=\"attachment wp-att-1167\">Sisukord<\/a><\/p>\n","protected":false},"excerpt":{"rendered":"<p>L\u00e4\u00e4ne-Virumaa pikaaegne ja armastatud muusika\u00f5petaja Maria Wunderlich j\u00e4ttis laululoojana meile p\u00e4randusena hea hulga lastelaule, millest suurem osa on ilmunud mitmes eri laulikus. Viimased ilmumata laulud on n\u00fc\u00fcd teie ees, neid on ligi 70. Laule kevadeks-suveks, s\u00fcgiseks ja talveks, laule laulmisest ja m\u00e4ngimisest. Sobilikud eesk\u00e4tt algkooli lastele.<\/p>\n<p>Kaanepildi joonistas Anneli Teras.<br \/>\nA4, 48 pages<\/p>\n<p><a href=\"https:\/\/estonianmusic.dev.unionfintech.com\/?attachment_id=1167\" rel=\"attachment wp-att-1167\">Sisukord<\/a><\/p>\n<p>&nbsp;<\/p>\n","protected":false},"featured_media":6125,"template":"","meta":{"_et_pb_use_builder":"","_et_pb_old_content":"","_et_gb_content_width":"","spay_email":""},"_links":{"self":[{"href":"https:\/\/estonianmusic.com\/en\/wp-json\/wp\/v2\/product\/5307"}],"collection":[{"href":"https:\/\/estonianmusic.com\/en\/wp-json\/wp\/v2\/product"}],"about":[{"href":"https:\/\/estonianmusic.com\/en\/wp-json\/wp\/v2\/types\/product"}],"wp:featuredmedia":[{"embeddable":true,"href":"https:\/\/estonianmusic.com\/en\/wp-json\/wp\/v2\/media\/6125"}],"wp:attachment":[{"href":"https:\/\/estonianmusic.com\/en\/wp-json\/wp\/v2\/media?parent=5307"}],"curies":[{"name":"wp","href":"https:\/\/api.w.org\/{rel}","templated":true}]}}