
{"id":5306,"date":"2021-01-23T16:00:49","date_gmt":"2021-04-05T17:53:24","guid":{"rendered":"https:\/\/estonianmusic.com\/toode\/pannkoogisoomise-laulud-cd\/"},"modified":"2025-03-06T00:00:53","modified_gmt":"2025-03-06T00:00:53","slug":"pannkoogisoomise-laulud-cd-2","status":"publish","type":"product","link":"https:\/\/estonianmusic.com\/en\/toode\/pannkoogisoomise-laulud-cd-2\/","title":{"rendered":"Pannkoogis\u00f6\u00f6mise laulud +cd"},"content":{"rendered":"<p><a href=\"https:\/\/estonianmusic.com\/wp-content\/uploads\/2021\/01\/vahersisukord.pdf\">vahersisukord<\/a><\/p>\n<p><a href=\"https:\/\/estonianmusic.com\/wp-content\/uploads\/2021\/01\/vaher_naited.pdf\">vaher_naited<\/a><\/p>\n","protected":false},"excerpt":{"rendered":"<p>Sellesse laulikusse oleme kogunud 60 Hilda Vaheri (1913-2008), muusikalise andega Viljandi lasteaia- ja cmuusikakasvataja loodud laulud. Hilda elujanu ja ilu kajastub tema laulup\u00e4randis. Tema pikaajaliseks r\u00f5\u00f5mu- ja lcoomeallikaks oli Viljandi 1. lasteaed, kus ta t\u00f6\u00f6tas nii muusikalise- kui \u00fcldkasvatajana ligi pool sajandit. Laulud \u201cPannkoogis\u00f6\u00f6mise laul\u201d, \u201cKapteni laul\u201d ja \u201cEma lill\u201d said v\u00e4ga populaarseks ja j\u00f5udsid ka ETV Lacsteekraani lauluv\u00f5istlusele.<br \/>\nLaulude tekste on pisut kohendatud, raamatu juurde kuulub cd-plaat 10-e fonogrammiga. Fonogrammid Are Jaama ja Aare Varusk, kaanepilt Anneli Teras, formaat A4, 40 lk.<\/p>\n","protected":false},"featured_media":1180,"template":"","meta":{"_et_pb_use_builder":"","_et_pb_old_content":"","_et_gb_content_width":"","spay_email":""},"_links":{"self":[{"href":"https:\/\/estonianmusic.com\/en\/wp-json\/wp\/v2\/product\/5306"}],"collection":[{"href":"https:\/\/estonianmusic.com\/en\/wp-json\/wp\/v2\/product"}],"about":[{"href":"https:\/\/estonianmusic.com\/en\/wp-json\/wp\/v2\/types\/product"}],"wp:featuredmedia":[{"embeddable":true,"href":"https:\/\/estonianmusic.com\/en\/wp-json\/wp\/v2\/media\/1180"}],"wp:attachment":[{"href":"https:\/\/estonianmusic.com\/en\/wp-json\/wp\/v2\/media?parent=5306"}],"curies":[{"name":"wp","href":"https:\/\/api.w.org\/{rel}","templated":true}]}}