
{"id":5305,"date":"2021-01-23T16:50:56","date_gmt":"2021-04-05T17:53:11","guid":{"rendered":"https:\/\/estonianmusic.com\/toode\/uks-vaike-armas-kassipoeg\/"},"modified":"2021-04-05T17:53:11","modified_gmt":"2021-04-05T17:53:11","slug":"uks-vaike-armas-kassipoeg-2","status":"publish","type":"product","link":"https:\/\/estonianmusic.com\/en\/toode\/uks-vaike-armas-kassipoeg-2\/","title":{"rendered":"\u00dcks v\u00e4ike armas kassipoeg"},"content":{"rendered":"","protected":false},"excerpt":{"rendered":"<p>Viktoria Grahv (s. 1984) on l\u00f5petanud Kivi\u00f5li Kunstidekooli ning Tartu \u00dclikooli Viljandi Kultuuriakadeemia koolimuusika erialal. Ta on loonud muusikat k\u00f5ige enam klaverile, aga ka koorile, sooloh\u00e4\u00e4lele ja erinevatele pillidele. Kogumikus on 32 laulu, mis valminud t\u00f6\u00f6 k\u00e4igus eelkooli muusika\u00f5petajana ning sobivad eelk\u00f5ige lasteaiaealistele, m\u00f5ned ka pisut vanematele.<br \/>\nFormaat A4, sisu 28 lk.<\/p>\n<p><a href=\"https:\/\/estonianmusic.dev.unionfintech.com\/wp-content\/uploads\/2021\/01\/grahv_sisu.pdf\">Grahv_sisu<\/a><\/p>\n","protected":false},"featured_media":1188,"template":"","meta":{"_et_pb_use_builder":"off","_et_pb_old_content":"Viktoria Grahv (s. 1984) on l\u00f5petanud Kivi\u00f5li Kunstidekooli ning Tartu \u00dclikooli Viljandi Kultuuriakadeemia koolimuusika erialal. Ta on loonud muusikat k\u00f5ige enam klaverile, aga ka koorile, sooloh\u00e4\u00e4lele ja erinevatele pillidele. Kogumikus on 32 laulu, mis valminud t\u00f6\u00f6 k\u00e4igus eelkooli muusika\u00f5petajana ning sobivad eelk\u00f5ige lasteaiaealistele, m\u00f5ned ka pisut vanematele. Formaat A4, sisu 28 lk.\n\n<a href=\"https:\/\/estonianmusic.com\/wp-content\/uploads\/2021\/01\/grahv_sisu.pdf\">grahv_sisu<\/a>\n\n ","_et_gb_content_width":"","spay_email":""},"_links":{"self":[{"href":"https:\/\/estonianmusic.com\/en\/wp-json\/wp\/v2\/product\/5305"}],"collection":[{"href":"https:\/\/estonianmusic.com\/en\/wp-json\/wp\/v2\/product"}],"about":[{"href":"https:\/\/estonianmusic.com\/en\/wp-json\/wp\/v2\/types\/product"}],"wp:featuredmedia":[{"embeddable":true,"href":"https:\/\/estonianmusic.com\/en\/wp-json\/wp\/v2\/media\/1188"}],"wp:attachment":[{"href":"https:\/\/estonianmusic.com\/en\/wp-json\/wp\/v2\/media?parent=5305"}],"curies":[{"name":"wp","href":"https:\/\/api.w.org\/{rel}","templated":true}]}}