
{"id":5304,"date":"2021-01-23T17:15:56","date_gmt":"2021-04-05T17:52:55","guid":{"rendered":"https:\/\/estonianmusic.com\/toode\/lauludega-labi-aasta\/"},"modified":"2021-04-05T17:52:56","modified_gmt":"2021-04-05T17:52:56","slug":"lauludega-labi-aasta","status":"publish","type":"product","link":"https:\/\/estonianmusic.com\/en\/toode\/lauludega-labi-aasta\/","title":{"rendered":"Lauludega l\u00e4bi aasta"},"content":{"rendered":"","protected":false},"excerpt":{"rendered":"<p>Uus kogumik 1-3 h\u00e4\u00e4lseid lastelaule teenekalt muusikapedagoogilt ja laulukirjutajalt Raivo K\u00f5rgem\u00e4elt. Laulud erinevate luuletajate tekstidele, raskusastmelt sobilikud peamiselt algkooli aga ka noorematele lastele. Nagu pealkirigi \u00fctleb, leiab siit laule nii kevadeks kui s\u00fcgiseks, emade- ja isadep\u00e4evaks, talveks ja j\u00f5uludeks.<br \/>\n32 lk, formaat A4<br \/>\nKaanekujundus Ave K\u00f5rgem\u00e4elt<\/p>\n<p><a href=\"https:\/\/estonianmusic.dev.unionfintech.com\/wp-content\/uploads\/2021\/01\/21905_Sisukord.pdf\">Sisukord<\/a><\/p>\n","protected":false},"featured_media":1196,"template":"","meta":{"_et_pb_use_builder":"","_et_pb_old_content":"","_et_gb_content_width":"","spay_email":""},"_links":{"self":[{"href":"https:\/\/estonianmusic.com\/en\/wp-json\/wp\/v2\/product\/5304"}],"collection":[{"href":"https:\/\/estonianmusic.com\/en\/wp-json\/wp\/v2\/product"}],"about":[{"href":"https:\/\/estonianmusic.com\/en\/wp-json\/wp\/v2\/types\/product"}],"wp:featuredmedia":[{"embeddable":true,"href":"https:\/\/estonianmusic.com\/en\/wp-json\/wp\/v2\/media\/1196"}],"wp:attachment":[{"href":"https:\/\/estonianmusic.com\/en\/wp-json\/wp\/v2\/media?parent=5304"}],"curies":[{"name":"wp","href":"https:\/\/api.w.org\/{rel}","templated":true}]}}