
{"id":5303,"date":"2021-01-23T19:11:22","date_gmt":"2021-04-05T17:52:41","guid":{"rendered":"https:\/\/estonianmusic.com\/toode\/ajaratas-laule-ja-luuletusi\/"},"modified":"2021-04-05T17:52:41","modified_gmt":"2021-04-05T17:52:41","slug":"ajaratas-laule-ja-luuletusi-2","status":"publish","type":"product","link":"https:\/\/estonianmusic.com\/en\/toode\/ajaratas-laule-ja-luuletusi-2\/","title":{"rendered":"Ajaratas. Laule ja luuletusi"},"content":{"rendered":"","protected":false},"excerpt":{"rendered":"<p>Saarema laulumemm Krista Aavik on lisaks lauludele kirjutanud ka luuletusi. Laulikus seostuvad nad enamasti m\u00f5ne aastaaja v\u00f5i aja kulgemisega. Ka laule on siin nii v\u00e4ikestele kui suurematele, lasteaia tegemistest kuni m\u00f5tiskluteni j\u00f5ulu\u00f5htul.<br \/>\nLauliku on illustreerinud Mari K\u00e4bin.<br \/>\n52 lk, formaat A4.<\/p>\n<p><a href=\"https:\/\/estonianmusic.dev.unionfintech.com\/wp-content\/uploads\/2021\/01\/Ajaratas_Sisukord.pdf\">Ajaratas_Sisukord<\/a><\/p>\n","protected":false},"featured_media":1211,"template":"","meta":{"_et_pb_use_builder":"","_et_pb_old_content":"","_et_gb_content_width":"","spay_email":""},"_links":{"self":[{"href":"https:\/\/estonianmusic.com\/en\/wp-json\/wp\/v2\/product\/5303"}],"collection":[{"href":"https:\/\/estonianmusic.com\/en\/wp-json\/wp\/v2\/product"}],"about":[{"href":"https:\/\/estonianmusic.com\/en\/wp-json\/wp\/v2\/types\/product"}],"wp:featuredmedia":[{"embeddable":true,"href":"https:\/\/estonianmusic.com\/en\/wp-json\/wp\/v2\/media\/1211"}],"wp:attachment":[{"href":"https:\/\/estonianmusic.com\/en\/wp-json\/wp\/v2\/media?parent=5303"}],"curies":[{"name":"wp","href":"https:\/\/api.w.org\/{rel}","templated":true}]}}