
{"id":5301,"date":"2021-02-05T14:59:54","date_gmt":"2021-04-05T17:52:13","guid":{"rendered":"https:\/\/estonianmusic.com\/toode\/laulumaiale-maialt\/"},"modified":"2021-04-05T17:52:13","modified_gmt":"2021-04-05T17:52:13","slug":"laulumaiale-maialt-2","status":"publish","type":"product","link":"https:\/\/estonianmusic.com\/en\/toode\/laulumaiale-maialt-2\/","title":{"rendered":"Laulumaiale Maialt"},"content":{"rendered":"","protected":false},"excerpt":{"rendered":"<p>Maia Kapsi &#8220;Lauluimaiale Maialt&#8221; on Tartu muusika\u00f5petaja ja laulustuudio juhendaja esimene kogumik. Maia on \u00f5ppinud Viljandi Muusikakoolis, Tartu Pedagoogilises Koolis ja Tallinna Pedagoogilises Instituudis. Oma lookesi hakkas Maia kirja panema vajadusest eakohase repertuaari j\u00e4rele. Kogumikus \u00fcle 30 eelkooliealistele sobivat laulu ja kirjeldustega laulum\u00e4ngu.<\/p>\n<p>A4, 20 pages<br \/>\nKaanekujundus Kertu Elfenbein,<br \/>\npildid joonistasid Adelle ja Adeliine Altnurme<\/p>\n<p><a href=\"https:\/\/estonianmusic.dev.unionfintech.com\/wp-content\/uploads\/2021\/02\/Kapsi_naited.pdf\">Kapsi_n\u00e4ited<\/a><\/p>\n","protected":false},"featured_media":1884,"template":"","meta":{"_et_pb_use_builder":"","_et_pb_old_content":"","_et_gb_content_width":"","spay_email":""},"_links":{"self":[{"href":"https:\/\/estonianmusic.com\/en\/wp-json\/wp\/v2\/product\/5301"}],"collection":[{"href":"https:\/\/estonianmusic.com\/en\/wp-json\/wp\/v2\/product"}],"about":[{"href":"https:\/\/estonianmusic.com\/en\/wp-json\/wp\/v2\/types\/product"}],"wp:featuredmedia":[{"embeddable":true,"href":"https:\/\/estonianmusic.com\/en\/wp-json\/wp\/v2\/media\/1884"}],"wp:attachment":[{"href":"https:\/\/estonianmusic.com\/en\/wp-json\/wp\/v2\/media?parent=5301"}],"curies":[{"name":"wp","href":"https:\/\/api.w.org\/{rel}","templated":true}]}}