
{"id":5298,"date":"2021-02-05T21:06:17","date_gmt":"2021-04-05T17:51:32","guid":{"rendered":"https:\/\/estonianmusic.com\/toode\/sugisest-kevadesse\/"},"modified":"2021-04-05T17:51:32","modified_gmt":"2021-04-05T17:51:32","slug":"sugisest-kevadesse-2","status":"publish","type":"product","link":"https:\/\/estonianmusic.com\/en\/toode\/sugisest-kevadesse-2\/","title":{"rendered":"S\u00fcgisest kevadesse"},"content":{"rendered":"","protected":false},"excerpt":{"rendered":"<p>Kogumikus on 18 m\u00f5nusat lihtsat laulu lastele vanuses 3-7. Lihtsa viisi ja mugavate s\u00f5nadega laule saab kasutada ka muukeelsete laste keele\u00f5ppe toetamiseks muusikatunnis- lauldes on kelle \u00f5ppimine lihtne ja loomulik! Laulude juurde on lisatud selgitused laulu kasuytamiseks v\u00e4hese keeleoskusega lastega, samuti ideid tegevuste l\u00f5imimiseks. Laulude autor, Heli Haljas on \u00f5petaja-praktik, kellelt varem on laule ilmunud kogumikus &#8220;\u00d5unake&#8221;.<\/p>\n<p>Laulud, laulutekstid, laulum\u00e4ng Heli Haljas<br \/>\nIllustratsioonid Margit Saluste, v\u00e4ikesed pildid Helena Haljas<br \/>\nDesign by Mari K\u00e4bin<br \/>\nTekst Lana-Maria Peterson<br \/>\nKoostaja ja toimetaja Lana-Maria Peterson<\/p>\n<p>A4, 24 lk, pehme kaas<\/p>\n","protected":false},"featured_media":1697,"template":"","meta":{"_et_pb_use_builder":"","_et_pb_old_content":"","_et_gb_content_width":"","spay_email":""},"_links":{"self":[{"href":"https:\/\/estonianmusic.com\/en\/wp-json\/wp\/v2\/product\/5298"}],"collection":[{"href":"https:\/\/estonianmusic.com\/en\/wp-json\/wp\/v2\/product"}],"about":[{"href":"https:\/\/estonianmusic.com\/en\/wp-json\/wp\/v2\/types\/product"}],"wp:featuredmedia":[{"embeddable":true,"href":"https:\/\/estonianmusic.com\/en\/wp-json\/wp\/v2\/media\/1697"}],"wp:attachment":[{"href":"https:\/\/estonianmusic.com\/en\/wp-json\/wp\/v2\/media?parent=5298"}],"curies":[{"name":"wp","href":"https:\/\/api.w.org\/{rel}","templated":true}]}}