
{"id":5297,"date":"2021-02-05T21:29:51","date_gmt":"2021-04-05T17:51:15","guid":{"rendered":"https:\/\/estonianmusic.com\/toode\/ulo-vinteri-lastelaule\/"},"modified":"2021-04-05T17:51:15","modified_gmt":"2021-04-05T17:51:15","slug":"ulo-vinteri-lastelaule-2","status":"publish","type":"product","link":"https:\/\/estonianmusic.com\/en\/toode\/ulo-vinteri-lastelaule-2\/","title":{"rendered":"\u00dclo Vinteri lastelaule"},"content":{"rendered":"","protected":false},"excerpt":{"rendered":"<p>1999. aastal ilmunud kogumiku v\u00e4rskem v\u00e4ljaanne! Kogumik sisaldab 16 lastelaulu, teiste seas nt &#8220;Pipi laul&#8221;, &#8220;Saab s\u00f6\u00f6ki,saab jooki&#8221;, &#8220;N\u00f5ia elu&#8221;, &#8220;Koer Muki&#8221; v\u00f5i &#8220;Tahtsin lennutada lohet&#8221;. Laulud on \u00fcheh\u00e4\u00e4lsed, v\u00e4ljakirjutatud klaverisaatega, osadel on olemas ka akordim\u00e4rgid.<\/p>\n","protected":false},"featured_media":1685,"template":"","meta":{"_et_pb_use_builder":"","_et_pb_old_content":"","_et_gb_content_width":"","spay_email":""},"_links":{"self":[{"href":"https:\/\/estonianmusic.com\/en\/wp-json\/wp\/v2\/product\/5297"}],"collection":[{"href":"https:\/\/estonianmusic.com\/en\/wp-json\/wp\/v2\/product"}],"about":[{"href":"https:\/\/estonianmusic.com\/en\/wp-json\/wp\/v2\/types\/product"}],"wp:featuredmedia":[{"embeddable":true,"href":"https:\/\/estonianmusic.com\/en\/wp-json\/wp\/v2\/media\/1685"}],"wp:attachment":[{"href":"https:\/\/estonianmusic.com\/en\/wp-json\/wp\/v2\/media?parent=5297"}],"curies":[{"name":"wp","href":"https:\/\/api.w.org\/{rel}","templated":true}]}}