
{"id":5296,"date":"2021-02-05T21:39:38","date_gmt":"2021-04-05T17:51:02","guid":{"rendered":"https:\/\/estonianmusic.com\/toode\/iga-lapse-laulud-3\/"},"modified":"2021-04-05T17:51:02","modified_gmt":"2021-04-05T17:51:02","slug":"iga-lapse-laulud-3-2","status":"publish","type":"product","link":"https:\/\/estonianmusic.com\/en\/toode\/iga-lapse-laulud-3-2\/","title":{"rendered":"Iga lapse laulud 3."},"content":{"rendered":"","protected":false},"excerpt":{"rendered":"<p>Paide \u00dchisg\u00fcmnaasiumi inglise keele \u00f5petaja Tiina Kivim\u00e4e kolmas laulukogu. 1-3 h\u00e4\u00e4lsed laulud tema enda luuletustele nagu &#8220;Mozarti vastu ma ei saa&#8221;, &#8220;Vapper r\u00fc\u00fctel&#8221;, &#8220;Lumememme lohutuslaul&#8221; jt. Tiina on l\u00f5petanud lastemuusikakooli viiuli erialal ning \u00f5ppinud kultuurharidust Tallinna Pedagoogilises Instituudis. P\u00e4rast \u00fclikooli l\u00f5petamist t\u00f6\u00f6tas ta klaverisaatjana ja hakkas lisaks \u00f5petama ka inglise keelt. Tiina on juhatanud koore, ansambleid ja soliste. Tiina Kivim\u00e4e p\u00e4lvis ka Paide linna 2012.aasta kultuuripreemia kui s\u00e4rav ja mitmek\u00fclgne loominguline isiksus.<br \/>\nKujundanud Mirtel Kiviorg ja Tiina Kivim\u00e4e.<br \/>\nFormaat A4, 13 laulu.<\/p>\n<p>&nbsp;<\/p>\n","protected":false},"featured_media":1980,"template":"","meta":{"_et_pb_use_builder":"","_et_pb_old_content":"","_et_gb_content_width":"","spay_email":""},"_links":{"self":[{"href":"https:\/\/estonianmusic.com\/en\/wp-json\/wp\/v2\/product\/5296"}],"collection":[{"href":"https:\/\/estonianmusic.com\/en\/wp-json\/wp\/v2\/product"}],"about":[{"href":"https:\/\/estonianmusic.com\/en\/wp-json\/wp\/v2\/types\/product"}],"wp:featuredmedia":[{"embeddable":true,"href":"https:\/\/estonianmusic.com\/en\/wp-json\/wp\/v2\/media\/1980"}],"wp:attachment":[{"href":"https:\/\/estonianmusic.com\/en\/wp-json\/wp\/v2\/media?parent=5296"}],"curies":[{"name":"wp","href":"https:\/\/api.w.org\/{rel}","templated":true}]}}