
{"id":5294,"date":"2021-02-05T21:52:22","date_gmt":"2021-04-05T17:50:38","guid":{"rendered":"https:\/\/estonianmusic.com\/toode\/laulan-roomuks-koigile\/"},"modified":"2021-04-05T17:50:38","modified_gmt":"2021-04-05T17:50:38","slug":"laulan-roomuks-koigile-2","status":"publish","type":"product","link":"https:\/\/estonianmusic.com\/en\/toode\/laulan-roomuks-koigile-2\/","title":{"rendered":"Laulan r\u00f5\u00f5muks k\u00f5igile"},"content":{"rendered":"","protected":false},"excerpt":{"rendered":"<p>A4, 32 lk. Sisaldab 30 K\u00fclli Murandi lastelaulu. Tekstide autorid K\u00fclli Murand, Regina Rebane, Leelo Tungal, jt. M\u00f5nus lauluvara lasteaiaealistele ja vanematele.<\/p>\n<p><a href=\"https:\/\/estonianmusic.dev.unionfintech.com\/wp-content\/uploads\/2021\/02\/Murand_Sisukord.pdf\">Murand_Sisukord<\/a><\/p>\n","protected":false},"featured_media":1725,"template":"","meta":{"_et_pb_use_builder":"","_et_pb_old_content":"","_et_gb_content_width":"","spay_email":""},"_links":{"self":[{"href":"https:\/\/estonianmusic.com\/en\/wp-json\/wp\/v2\/product\/5294"}],"collection":[{"href":"https:\/\/estonianmusic.com\/en\/wp-json\/wp\/v2\/product"}],"about":[{"href":"https:\/\/estonianmusic.com\/en\/wp-json\/wp\/v2\/types\/product"}],"wp:featuredmedia":[{"embeddable":true,"href":"https:\/\/estonianmusic.com\/en\/wp-json\/wp\/v2\/media\/1725"}],"wp:attachment":[{"href":"https:\/\/estonianmusic.com\/en\/wp-json\/wp\/v2\/media?parent=5294"}],"curies":[{"name":"wp","href":"https:\/\/api.w.org\/{rel}","templated":true}]}}