
{"id":5293,"date":"2021-02-06T18:14:50","date_gmt":"2021-04-05T17:50:26","guid":{"rendered":"https:\/\/estonianmusic.com\/toode\/tahan-saada-paksuks\/"},"modified":"2021-04-05T17:50:26","modified_gmt":"2021-04-05T17:50:26","slug":"tahan-saada-paksuks-2","status":"publish","type":"product","link":"https:\/\/estonianmusic.com\/en\/toode\/tahan-saada-paksuks-2\/","title":{"rendered":"Tahan saada paksuks"},"content":{"rendered":"","protected":false},"excerpt":{"rendered":"<p>Lastelaulude kogumik sisaldab 14 L.Tungla, H.Runneli,<br \/>\nK. .Kanguri jt. luuletajate tekstidele kirjutatud v\u00e4rvikat 1-3 h\u00e4\u00e4lset lastelaulu.<br \/>\nKaane kujundas Kirke Kangro.<br \/>\n<em>Formaat A4, sisu 30 lk.<\/em><\/p>\n<p><strong>S I S U K O R D :<br \/>\n<\/strong>1. Tahan saada \u00f5petajaks \/ L.Tungal<br \/>\n2. Imelikud ilma\u2013asjad \/ A.K\u00e4nd<br \/>\n3. Minu \u00f5u \/ J.Saar<br \/>\n4. Ainult sina, ema \/ J.Saar<br \/>\n5. Lumeootus \/ L.Tungal<br \/>\n6. K\u00f5ige ilusam j\u00f5ulupuu \/ L.Tungal<br \/>\n7. Tee mulle pai \/ H.Runnel<br \/>\n8. Kevad \/ L.Tungal<br \/>\n9. Mooramaa laul \/ L.Tungal<br \/>\n10. Kuldsed krabid \/ K.Kangur<br \/>\n11. S\u00e4gavana \/ L.Tungal<br \/>\n12. Virk konn \/ L.Tungal<br \/>\n13. Siga ja s\u00e4ga \/ H.Runnel<br \/>\n14. Tuul pilliroos \/ L.Tungal<\/p>\n","protected":false},"featured_media":1673,"template":"","meta":{"_et_pb_use_builder":"","_et_pb_old_content":"","_et_gb_content_width":"","spay_email":""},"_links":{"self":[{"href":"https:\/\/estonianmusic.com\/en\/wp-json\/wp\/v2\/product\/5293"}],"collection":[{"href":"https:\/\/estonianmusic.com\/en\/wp-json\/wp\/v2\/product"}],"about":[{"href":"https:\/\/estonianmusic.com\/en\/wp-json\/wp\/v2\/types\/product"}],"wp:featuredmedia":[{"embeddable":true,"href":"https:\/\/estonianmusic.com\/en\/wp-json\/wp\/v2\/media\/1673"}],"wp:attachment":[{"href":"https:\/\/estonianmusic.com\/en\/wp-json\/wp\/v2\/media?parent=5293"}],"curies":[{"name":"wp","href":"https:\/\/api.w.org\/{rel}","templated":true}]}}