
{"id":5288,"date":"2021-02-16T15:39:50","date_gmt":"2021-04-05T17:49:15","guid":{"rendered":"https:\/\/estonianmusic.com\/toode\/vanal-heal-prantsusmaal\/"},"modified":"2025-01-01T00:00:09","modified_gmt":"2025-01-01T00:00:09","slug":"vanal-heal-prantsusmaal","status":"publish","type":"product","link":"https:\/\/estonianmusic.com\/en\/toode\/vanal-heal-prantsusmaal\/","title":{"rendered":"Vanal heal Prantsusmaal"},"content":{"rendered":"","protected":false},"excerpt":{"rendered":"<p>Prantsuse laste- ja rahvalaulud<br \/>\nLaulikusari \u201cLaulud laiast ilmast\u201d on inspireeritud n\u00f5uka-ajal ilmunud muinasjutusarjast \u201cSaja rahva lood\u201d, mis jutustas eri rahvaste muinasjutte. Esimesena n\u00e4evad tr\u00fckivalgust soome ning prantsuse laste- ja rahvalaulud. Reis j\u00e4tkub saksa ja inglise lauludega. Kuhu see reis edasi viib? Eks ikka sinna, kuhu jalad viivad. Sarja \u00fchiseks nimetajaks on kaunid pildid. Fantaasiarohked pildid on joonistanud Paula Pajusaar. Teiseks siduvaks jooneks on iga lauliku alguses olev vastava rahva v\u00e4hemtuntud muinasjutt.<br \/>\n21 laulu, 28 lk, formaat A4<\/p>\n","protected":false},"featured_media":2264,"template":"","meta":{"_et_pb_use_builder":"","_et_pb_old_content":"","_et_gb_content_width":"","spay_email":""},"_links":{"self":[{"href":"https:\/\/estonianmusic.com\/en\/wp-json\/wp\/v2\/product\/5288"}],"collection":[{"href":"https:\/\/estonianmusic.com\/en\/wp-json\/wp\/v2\/product"}],"about":[{"href":"https:\/\/estonianmusic.com\/en\/wp-json\/wp\/v2\/types\/product"}],"wp:featuredmedia":[{"embeddable":true,"href":"https:\/\/estonianmusic.com\/en\/wp-json\/wp\/v2\/media\/2264"}],"wp:attachment":[{"href":"https:\/\/estonianmusic.com\/en\/wp-json\/wp\/v2\/media?parent=5288"}],"curies":[{"name":"wp","href":"https:\/\/api.w.org\/{rel}","templated":true}]}}