
{"id":5287,"date":"2021-02-17T13:49:38","date_gmt":"2021-04-05T17:48:30","guid":{"rendered":"https:\/\/estonianmusic.com\/toode\/midrimaa-laululaegas\/"},"modified":"2021-04-05T17:48:31","modified_gmt":"2021-04-05T17:48:31","slug":"midrimaa-laululaegas","status":"publish","type":"product","link":"https:\/\/estonianmusic.com\/en\/toode\/midrimaa-laululaegas\/","title":{"rendered":"Midrimaa laululaegas"},"content":{"rendered":"","protected":false},"excerpt":{"rendered":"<p>Valik lastelaule<br \/>\n28 lastelaulu koos l\u00f5busa klaveri ja huvitavate pillidega nagu h\u00e4\u00e4lepasun, k\u00f5lakarp, puutrumm, taldrikud, kuljused jt.<br \/>\n84 lk., formaat a4.<\/p>\n<p><a href=\"https:\/\/estonianmusic.dev.unionfintech.com\/wp-content\/uploads\/2021\/02\/midrimaa_sisu.pdf\">Midrimaa_sisu<\/a><\/p>\n<p>&nbsp;<\/p>\n","protected":false},"featured_media":2829,"template":"","meta":{"_et_pb_use_builder":"","_et_pb_old_content":"","_et_gb_content_width":"","spay_email":""},"_links":{"self":[{"href":"https:\/\/estonianmusic.com\/en\/wp-json\/wp\/v2\/product\/5287"}],"collection":[{"href":"https:\/\/estonianmusic.com\/en\/wp-json\/wp\/v2\/product"}],"about":[{"href":"https:\/\/estonianmusic.com\/en\/wp-json\/wp\/v2\/types\/product"}],"wp:featuredmedia":[{"embeddable":true,"href":"https:\/\/estonianmusic.com\/en\/wp-json\/wp\/v2\/media\/2829"}],"wp:attachment":[{"href":"https:\/\/estonianmusic.com\/en\/wp-json\/wp\/v2\/media?parent=5287"}],"curies":[{"name":"wp","href":"https:\/\/api.w.org\/{rel}","templated":true}]}}