
{"id":5285,"date":"2021-02-17T14:01:04","date_gmt":"2021-04-05T17:47:45","guid":{"rendered":"https:\/\/estonianmusic.com\/toode\/sulle-laulan-joulutaat\/"},"modified":"2021-04-05T17:47:46","modified_gmt":"2021-04-05T17:47:46","slug":"sulle-laulan-joulutaat","status":"publish","type":"product","link":"https:\/\/estonianmusic.com\/en\/toode\/sulle-laulan-joulutaat\/","title":{"rendered":"Sulle laulan, j\u00f5ulutaat"},"content":{"rendered":"","protected":false},"excerpt":{"rendered":"<p>21 j\u00f5ululaulu mitmes vanuses lastele<br \/>\nS\u00f5nad Eda Stern akordim\u00e4rkidega Formaat A4, 32 lk., kordustr\u00fckk<\/p>\n","protected":false},"featured_media":2839,"template":"","meta":{"_et_pb_use_builder":"","_et_pb_old_content":"","_et_gb_content_width":"","spay_email":""},"_links":{"self":[{"href":"https:\/\/estonianmusic.com\/en\/wp-json\/wp\/v2\/product\/5285"}],"collection":[{"href":"https:\/\/estonianmusic.com\/en\/wp-json\/wp\/v2\/product"}],"about":[{"href":"https:\/\/estonianmusic.com\/en\/wp-json\/wp\/v2\/types\/product"}],"wp:featuredmedia":[{"embeddable":true,"href":"https:\/\/estonianmusic.com\/en\/wp-json\/wp\/v2\/media\/2839"}],"wp:attachment":[{"href":"https:\/\/estonianmusic.com\/en\/wp-json\/wp\/v2\/media?parent=5285"}],"curies":[{"name":"wp","href":"https:\/\/api.w.org\/{rel}","templated":true}]}}