
{"id":5283,"date":"2021-03-03T11:48:52","date_gmt":"2021-04-05T17:47:14","guid":{"rendered":"https:\/\/estonianmusic.com\/toode\/pidu-hakkab\/"},"modified":"2025-01-01T00:00:09","modified_gmt":"2025-01-01T00:00:09","slug":"pidu-hakkab-2","status":"publish","type":"product","link":"https:\/\/estonianmusic.com\/en\/toode\/pidu-hakkab-2\/","title":{"rendered":"Pidu hakkab"},"content":{"rendered":"","protected":false},"excerpt":{"rendered":"<p>Songs, games and dances for the children<br \/>\nMuusika\u00f5petajatele ja teistele muusikas\u00f5pradele m\u00f5eldud laulu-, tantsu- ja m\u00e4nguraamat. Laulud sobivad lasteaialastele ja v\u00e4ikestele koolij\u00fctsidele.<br \/>\nKujundanud Riina Soom,<br \/>\nillustreerinud Anna Eliisa Raudsepp, Paula Pajusaar<br \/>\n22 lk, A5.<\/p>\n<p>&nbsp;<\/p>\n","protected":false},"featured_media":2340,"template":"","meta":{"_et_pb_use_builder":"","_et_pb_old_content":"","_et_gb_content_width":"","spay_email":""},"_links":{"self":[{"href":"https:\/\/estonianmusic.com\/en\/wp-json\/wp\/v2\/product\/5283"}],"collection":[{"href":"https:\/\/estonianmusic.com\/en\/wp-json\/wp\/v2\/product"}],"about":[{"href":"https:\/\/estonianmusic.com\/en\/wp-json\/wp\/v2\/types\/product"}],"wp:featuredmedia":[{"embeddable":true,"href":"https:\/\/estonianmusic.com\/en\/wp-json\/wp\/v2\/media\/2340"}],"wp:attachment":[{"href":"https:\/\/estonianmusic.com\/en\/wp-json\/wp\/v2\/media?parent=5283"}],"curies":[{"name":"wp","href":"https:\/\/api.w.org\/{rel}","templated":true}]}}