
{"id":5282,"date":"2021-03-03T14:19:42","date_gmt":"2021-04-05T17:46:28","guid":{"rendered":"https:\/\/estonianmusic.com\/toode\/ksulofonimang-liiseliga-play-xylophone-with-liisel\/"},"modified":"2021-04-05T17:46:28","modified_gmt":"2021-04-05T17:46:28","slug":"ksulofonimang-liiseliga-2","status":"publish","type":"product","link":"https:\/\/estonianmusic.com\/en\/toode\/ksulofonimang-liiseliga-2\/","title":{"rendered":"Ks\u00fclofonim\u00e4ng Liiseliga. Play xylophone with Liisel"},"content":{"rendered":"","protected":false},"excerpt":{"rendered":"<p>\u00d5pi v\u00e4rviliste nootide abil ksulofoni m\u00e4ngima!<br \/>\nRaamat sisaldab 10 tuntud lastelaulu, mida on v\u00e4rviliste nootide abil lihtne kaasa laulda ja m\u00e4ngida.<br \/>\nFormaat A5, 20 lk, v\u00e4rviline<\/p>\n","protected":false},"featured_media":4032,"template":"","meta":{"_et_pb_use_builder":"","_et_pb_old_content":"","_et_gb_content_width":"","spay_email":""},"_links":{"self":[{"href":"https:\/\/estonianmusic.com\/en\/wp-json\/wp\/v2\/product\/5282"}],"collection":[{"href":"https:\/\/estonianmusic.com\/en\/wp-json\/wp\/v2\/product"}],"about":[{"href":"https:\/\/estonianmusic.com\/en\/wp-json\/wp\/v2\/types\/product"}],"wp:featuredmedia":[{"embeddable":true,"href":"https:\/\/estonianmusic.com\/en\/wp-json\/wp\/v2\/media\/4032"}],"wp:attachment":[{"href":"https:\/\/estonianmusic.com\/en\/wp-json\/wp\/v2\/media?parent=5282"}],"curies":[{"name":"wp","href":"https:\/\/api.w.org\/{rel}","templated":true}]}}