
{"id":5262,"date":"2021-03-03T14:55:46","date_gmt":"2021-04-04T20:22:38","guid":{"rendered":"https:\/\/estonianmusic.com\/toode\/sudamesoojusest-joonistatud-laulud\/"},"modified":"2021-04-04T20:22:39","modified_gmt":"2021-04-04T20:22:39","slug":"sudamesoojusest-joonistatud-laulud","status":"publish","type":"product","link":"https:\/\/estonianmusic.com\/en\/toode\/sudamesoojusest-joonistatud-laulud\/","title":{"rendered":"S\u00fcdamesoojusest joonistatud laulud"},"content":{"rendered":"","protected":false},"excerpt":{"rendered":"<p>\u00dcle paarik\u00fcmne laulu ja kimp luuletusi mudilastele. L\u00e4bivalt illustreeritud lauliku koostamisel olid abiks Erika Kalamees, Ly Hiire ja Eva Siil.<\/p>\n","protected":false},"featured_media":4055,"template":"","meta":{"_et_pb_use_builder":"","_et_pb_old_content":"","_et_gb_content_width":"","spay_email":""},"_links":{"self":[{"href":"https:\/\/estonianmusic.com\/en\/wp-json\/wp\/v2\/product\/5262"}],"collection":[{"href":"https:\/\/estonianmusic.com\/en\/wp-json\/wp\/v2\/product"}],"about":[{"href":"https:\/\/estonianmusic.com\/en\/wp-json\/wp\/v2\/types\/product"}],"wp:featuredmedia":[{"embeddable":true,"href":"https:\/\/estonianmusic.com\/en\/wp-json\/wp\/v2\/media\/4055"}],"wp:attachment":[{"href":"https:\/\/estonianmusic.com\/en\/wp-json\/wp\/v2\/media?parent=5262"}],"curies":[{"name":"wp","href":"https:\/\/api.w.org\/{rel}","templated":true}]}}