
{"id":5248,"date":"2021-02-05T15:38:08","date_gmt":"2021-04-04T18:59:24","guid":{"rendered":"https:\/\/estonianmusic.com\/toode\/laulumonu-cd-12-fonoga\/"},"modified":"2024-05-20T00:00:00","modified_gmt":"2024-05-20T00:00:00","slug":"laulumonu-cd-12-fonoga-2","status":"publish","type":"product","link":"https:\/\/estonianmusic.com\/en\/toode\/laulumonu-cd-12-fonoga-2\/","title":{"rendered":"Laulum\u00f5nu +CD 12 fonoga"},"content":{"rendered":"","protected":false},"excerpt":{"rendered":"<p>Maria Wunderlichi kolmas lastelaulude kogumik &#8220;Laulum\u00f5nu&#8221; on v\u00f5rdne kaaslane kahele eelmisele kogumikule &#8220;Laululust&#8221; ja &#8220;Laulur\u00f5\u00f5m&#8221;. Teemad selles laulikus seiklevad looduses ja igap\u00e4evaelus koos oma m\u00f5ttes\u00e4hvatuste ja tarkuseivadega. H\u00e4\u00e4leulatus ja viiside poolest on siin igale lapsele j\u00f5ukohast lauluvara ja valikuv\u00f5imalust. Seekordsele laulikule on ka lisatud 12 fono, mis peaks olema r\u00f5\u00f5muks nii muusika\u00f5petajatele kui ka lastele.<\/p>\n<p>Kaane kujundas Mari K\u00e4bin<br \/>\nToimetas Riine Pajusaar<br \/>\n<em>Formaat A5, 125 lk.<\/em><\/p>\n<p><a href=\"https:\/\/estonianmusic.dev.unionfintech.com\/wp-content\/uploads\/2021\/02\/Wunderlich_Laulumonu_Naited.pdf\">Wunderlich_Laulum\u00f5nu_N\u00e4ited<\/a><\/p>\n","protected":false},"featured_media":1907,"template":"","meta":{"_et_pb_use_builder":"","_et_pb_old_content":"","_et_gb_content_width":"","spay_email":""},"_links":{"self":[{"href":"https:\/\/estonianmusic.com\/en\/wp-json\/wp\/v2\/product\/5248"}],"collection":[{"href":"https:\/\/estonianmusic.com\/en\/wp-json\/wp\/v2\/product"}],"about":[{"href":"https:\/\/estonianmusic.com\/en\/wp-json\/wp\/v2\/types\/product"}],"wp:featuredmedia":[{"embeddable":true,"href":"https:\/\/estonianmusic.com\/en\/wp-json\/wp\/v2\/media\/1907"}],"wp:attachment":[{"href":"https:\/\/estonianmusic.com\/en\/wp-json\/wp\/v2\/media?parent=5248"}],"curies":[{"name":"wp","href":"https:\/\/api.w.org\/{rel}","templated":true}]}}