
{"id":5247,"date":"2021-02-05T15:56:36","date_gmt":"2021-04-04T18:57:37","guid":{"rendered":"https:\/\/estonianmusic.com\/toode\/mangunurga-lood-cd\/"},"modified":"2021-04-04T18:57:37","modified_gmt":"2021-04-04T18:57:37","slug":"mangunurga-lood-cd-2","status":"publish","type":"product","link":"https:\/\/estonianmusic.com\/en\/toode\/mangunurga-lood-cd-2\/","title":{"rendered":"M\u00e4ngunurga lood +cd"},"content":{"rendered":"","protected":false},"excerpt":{"rendered":"<p>\u00dclle R\u00e4sta (1957) on viisipidamise p\u00e4rinud vanematelt, muusikahariduse aga G. Otsa nim. Muusikakoolist. Ta on laulnud &#8220;Ellerheinas&#8221; ning t\u00f6\u00f6tanud muusikalise kasvatajana. \u00dclle esimene laulik &#8220;Inglite aeg&#8221; ilmus 2006. . Nagu \u00fctleb pealkiri &#8211; &#8220;M\u00e4ngunurga lood&#8221;, on suur osa laule inspireeritud l\u00f5busatest m\u00e4nguasjadest ja m\u00f5ned neist on seet\u00f5ttu lausa naljalaulud, mis sobivad laulmiseks nii v\u00e4ikestele kui suurematele.<br \/>\nLauliku juurde kuulub ka CD, millel on meeleolukad seaded ja mis h\u00f5lbustavad laulude \u00f5ppimist ja esitlust.<br \/>\nFonogrammid Are Jaama, \u00dclari Kirsipuu ja \u00dclle R\u00e4sta<br \/>\nKujundanud Paula Pajusaar<br \/>\nFormaat A4, 17 laulu +cd fonogrammidega.<\/p>\n<p><a href=\"https:\/\/estonianmusic.dev.unionfintech.com\/wp-content\/uploads\/2021\/02\/Rasta_Mangunurga_Naited.pdf\">R\u00e4sta_M\u00e4ngunurga_N\u00e4ited<\/a><\/p>\n","protected":false},"featured_media":1912,"template":"","meta":{"_et_pb_use_builder":"","_et_pb_old_content":"","_et_gb_content_width":"","spay_email":""},"_links":{"self":[{"href":"https:\/\/estonianmusic.com\/en\/wp-json\/wp\/v2\/product\/5247"}],"collection":[{"href":"https:\/\/estonianmusic.com\/en\/wp-json\/wp\/v2\/product"}],"about":[{"href":"https:\/\/estonianmusic.com\/en\/wp-json\/wp\/v2\/types\/product"}],"wp:featuredmedia":[{"embeddable":true,"href":"https:\/\/estonianmusic.com\/en\/wp-json\/wp\/v2\/media\/1912"}],"wp:attachment":[{"href":"https:\/\/estonianmusic.com\/en\/wp-json\/wp\/v2\/media?parent=5247"}],"curies":[{"name":"wp","href":"https:\/\/api.w.org\/{rel}","templated":true}]}}