
{"id":5241,"date":"2021-02-11T13:44:01","date_gmt":"2021-04-04T18:50:21","guid":{"rendered":"https:\/\/estonianmusic.com\/toode\/end-leidsin-muusika-seest-1-cd\/"},"modified":"2021-04-04T18:50:21","modified_gmt":"2021-04-04T18:50:21","slug":"end-leidsin-muusika-seest-1-cd-2","status":"publish","type":"product","link":"https:\/\/estonianmusic.com\/en\/toode\/end-leidsin-muusika-seest-1-cd-2\/","title":{"rendered":"End leidsin muusika seest 1. +cd"},"content":{"rendered":"","protected":false},"excerpt":{"rendered":"<p>P\u00e4rnumaa muusika\u00f5petaja Kadi Sepa esimene laulukogumik, kus sees 25 laulu lasteaia- ja koolilastele. Nagu ikka kajastuvad lauludes lapse r\u00f5\u00f5mud ja mured. Laule vabadusest, kodust ja kodumaast, loodusest l\u00e4bi kogu aasta.<br \/>\n32 lk, 25 laulu ja kaasas cd fonogrammidega<\/p>\n","protected":false},"featured_media":6273,"template":"","meta":{"_et_pb_use_builder":"","_et_pb_old_content":"","_et_gb_content_width":"","spay_email":""},"_links":{"self":[{"href":"https:\/\/estonianmusic.com\/en\/wp-json\/wp\/v2\/product\/5241"}],"collection":[{"href":"https:\/\/estonianmusic.com\/en\/wp-json\/wp\/v2\/product"}],"about":[{"href":"https:\/\/estonianmusic.com\/en\/wp-json\/wp\/v2\/types\/product"}],"wp:featuredmedia":[{"embeddable":true,"href":"https:\/\/estonianmusic.com\/en\/wp-json\/wp\/v2\/media\/6273"}],"wp:attachment":[{"href":"https:\/\/estonianmusic.com\/en\/wp-json\/wp\/v2\/media?parent=5241"}],"curies":[{"name":"wp","href":"https:\/\/api.w.org\/{rel}","templated":true}]}}