
{"id":5239,"date":"2021-02-11T13:50:46","date_gmt":"2021-04-04T18:48:33","guid":{"rendered":"https:\/\/estonianmusic.com\/toode\/ema-on-pai-2-cd\/"},"modified":"2021-04-04T18:48:33","modified_gmt":"2021-04-04T18:48:33","slug":"ema-on-pai-2-cd-2","status":"publish","type":"product","link":"https:\/\/estonianmusic.com\/en\/toode\/ema-on-pai-2-cd-2\/","title":{"rendered":"Ema on pai 2. +cd"},"content":{"rendered":"","protected":false},"excerpt":{"rendered":"<p>\u201eEma on pai II\u201c &#8230; on 10 aastat tagasi kirjastus VIRGO poolt ilmunud esimese lauliku j\u00e4rg, Nimilaulul on n\u00fc\u00fcd pikem versioon, mille s\u00f5nad on s\u00fcndinud otse laulutunnis. K\u00f5ik teised laulud on uued, samas ikka lapselikud ja elulised, kajastades meie k\u00f5ige pisemate tegemisi laulu kujul.<br \/>\nLaulude autorid on Kaari ja Janika Sillamaa, Kaarel Orum\u00e4gi, Hille Savi, Ele Millistfer, Katre Jaani, Merlin Porkma, Kertu Raja, Kaia H\u00e4elme ja noorim autor Marianna Tuisk (10). Illustratsioonideks j\u00e4llegi Kaunite-kooli lapsed, kelle suuremal hulgal pildistas \u00fcles Marge Tuisk.<\/p>\n","protected":false},"featured_media":2503,"template":"","meta":{"_et_pb_use_builder":"","_et_pb_old_content":"","_et_gb_content_width":"","spay_email":""},"_links":{"self":[{"href":"https:\/\/estonianmusic.com\/en\/wp-json\/wp\/v2\/product\/5239"}],"collection":[{"href":"https:\/\/estonianmusic.com\/en\/wp-json\/wp\/v2\/product"}],"about":[{"href":"https:\/\/estonianmusic.com\/en\/wp-json\/wp\/v2\/types\/product"}],"wp:featuredmedia":[{"embeddable":true,"href":"https:\/\/estonianmusic.com\/en\/wp-json\/wp\/v2\/media\/2503"}],"wp:attachment":[{"href":"https:\/\/estonianmusic.com\/en\/wp-json\/wp\/v2\/media?parent=5239"}],"curies":[{"name":"wp","href":"https:\/\/api.w.org\/{rel}","templated":true}]}}