
{"id":5237,"date":"2021-02-11T16:22:27","date_gmt":"2021-04-04T18:40:42","guid":{"rendered":"https:\/\/estonianmusic.com\/toode\/vinge-sajajalgne-cd\/"},"modified":"2021-04-04T18:40:42","modified_gmt":"2021-04-04T18:40:42","slug":"vinge-sajajalgne-cd-2","status":"publish","type":"product","link":"https:\/\/estonianmusic.com\/en\/toode\/vinge-sajajalgne-cd-2\/","title":{"rendered":"Vinge sajajalgne + CD"},"content":{"rendered":"","protected":false},"excerpt":{"rendered":"<p>Putukalaulud lastele<br \/>\n&#8220;Putukalauludes&#8221; saavad lapsed r\u00e4nnata gregooriuse koraali, Verdi aaria ja eesti rahvalaulude radadel, kohtuda Leiutajatek\u00fcla Lotte tegelaste, James Bondi ja Elle Kulliga, samuti imetleda Maia Plissetskaja tantsu ja Volkswageni autot. Kuid tutvuda ka eneseimetluse, kadeduse ja t\u00fc\u00fctusega, mis on inimloomusele omased. Putukate kaudu v\u00f5ib neid jooni n\u00e4ha l\u00e4bi huumori. K\u00f5iki laule illustreerivad pildid, mida lapsed saavad v\u00e4rvida. Kaasasoleval CD-l laulavad laule K\u00fclliki Lauluaia lapsed.<\/p>\n","protected":false},"featured_media":2542,"template":"","meta":{"_et_pb_use_builder":"","_et_pb_old_content":"","_et_gb_content_width":"","spay_email":""},"_links":{"self":[{"href":"https:\/\/estonianmusic.com\/en\/wp-json\/wp\/v2\/product\/5237"}],"collection":[{"href":"https:\/\/estonianmusic.com\/en\/wp-json\/wp\/v2\/product"}],"about":[{"href":"https:\/\/estonianmusic.com\/en\/wp-json\/wp\/v2\/types\/product"}],"wp:featuredmedia":[{"embeddable":true,"href":"https:\/\/estonianmusic.com\/en\/wp-json\/wp\/v2\/media\/2542"}],"wp:attachment":[{"href":"https:\/\/estonianmusic.com\/en\/wp-json\/wp\/v2\/media?parent=5237"}],"curies":[{"name":"wp","href":"https:\/\/api.w.org\/{rel}","templated":true}]}}