
{"id":5236,"date":"2021-02-11T16:32:41","date_gmt":"2021-04-04T18:39:04","guid":{"rendered":"https:\/\/estonianmusic.com\/toode\/iga-ilmaga-cd\/"},"modified":"2021-04-04T18:39:04","modified_gmt":"2021-04-04T18:39:04","slug":"iga-ilmaga-cd-2","status":"publish","type":"product","link":"https:\/\/estonianmusic.com\/en\/toode\/iga-ilmaga-cd-2\/","title":{"rendered":"Iga ilmaga +cd"},"content":{"rendered":"","protected":false},"excerpt":{"rendered":"<p>38 laulu ja 33 fono<br \/>\nIga ilmaga\u201d \u2013 lastelaulude ja laulum\u00e4ngude laulik lasteaialastele ja koolilastele.Hea ja mitmek\u00fclgne abimees \u00f5petajatele beebikoolides, lasteaedades ja lauluringides. Laulikus on 39 fantaasiarikast laulu ja laulum\u00e4ngu koos tegevusjuhendiga \u2013 laule argiste tegevuste ilmestamiseks, laule loodusest ja loomadest, aastaaegadest, lapseks olemisest, laste kavalustest ja naljadest. Lauliku vahel on ka fonogrammiplaat, millel instrumentaalsed saated 33 laulule. Laulude fonogrammid on sisse m\u00e4ngitud instrumentaalpillidel (klaver, kitarr, mandoliin, l\u00f6\u00f6kpillid, suupill, fl\u00fcgelhorn, trompet). Laulik on lastep\u00e4raselt v\u00e4rviliselt illustreeritud.<\/p>\n","protected":false},"featured_media":2310,"template":"","meta":{"_et_pb_use_builder":"","_et_pb_old_content":"","_et_gb_content_width":"","spay_email":""},"_links":{"self":[{"href":"https:\/\/estonianmusic.com\/en\/wp-json\/wp\/v2\/product\/5236"}],"collection":[{"href":"https:\/\/estonianmusic.com\/en\/wp-json\/wp\/v2\/product"}],"about":[{"href":"https:\/\/estonianmusic.com\/en\/wp-json\/wp\/v2\/types\/product"}],"wp:featuredmedia":[{"embeddable":true,"href":"https:\/\/estonianmusic.com\/en\/wp-json\/wp\/v2\/media\/2310"}],"wp:attachment":[{"href":"https:\/\/estonianmusic.com\/en\/wp-json\/wp\/v2\/media?parent=5236"}],"curies":[{"name":"wp","href":"https:\/\/api.w.org\/{rel}","templated":true}]}}