
{"id":5232,"date":"2021-02-16T15:37:08","date_gmt":"2021-04-04T18:37:40","guid":{"rendered":"https:\/\/estonianmusic.com\/toode\/uhes-sokolaadilinnas-cd\/"},"modified":"2025-01-01T00:00:10","modified_gmt":"2025-01-01T00:00:10","slug":"uhes-sokolaadilinnas-cd-2","status":"publish","type":"product","link":"https:\/\/estonianmusic.com\/en\/toode\/uhes-sokolaadilinnas-cd-2\/","title":{"rendered":"\u00dches \u0161okolaadilinnas +cd"},"content":{"rendered":"","protected":false},"excerpt":{"rendered":"<p>Kogumik sisaldab <em>Riine Pajusaare<\/em> 17 uut m\u00e4ngulaulu. Leidub laulum\u00e4nge abivahendiga (siidisall, voodilina, pall, m\u00e4nguloomad), lihtsaid pillim\u00e4nge, erinevaid liikumism\u00e4nge, tantse ja muid loovust arendavaid lihtsa viisiga laulukesi. Noodiga kaasasoleval CD-l laulavad m\u00e4ngulaule <em>Meero<\/em> laululapsed. Plaadil on ka k\u00f5ikide laulude instrumentaalp\u00f5hjad.<\/p>\n","protected":false},"featured_media":2743,"template":"","meta":{"_et_pb_use_builder":"","_et_pb_old_content":"","_et_gb_content_width":"","spay_email":""},"_links":{"self":[{"href":"https:\/\/estonianmusic.com\/en\/wp-json\/wp\/v2\/product\/5232"}],"collection":[{"href":"https:\/\/estonianmusic.com\/en\/wp-json\/wp\/v2\/product"}],"about":[{"href":"https:\/\/estonianmusic.com\/en\/wp-json\/wp\/v2\/types\/product"}],"wp:featuredmedia":[{"embeddable":true,"href":"https:\/\/estonianmusic.com\/en\/wp-json\/wp\/v2\/media\/2743"}],"wp:attachment":[{"href":"https:\/\/estonianmusic.com\/en\/wp-json\/wp\/v2\/media?parent=5232"}],"curies":[{"name":"wp","href":"https:\/\/api.w.org\/{rel}","templated":true}]}}