
{"id":5231,"date":"2021-02-16T16:54:45","date_gmt":"2021-04-04T18:37:21","guid":{"rendered":"https:\/\/estonianmusic.com\/toode\/pisikene-ime-cd\/"},"modified":"2021-04-04T18:37:21","modified_gmt":"2021-04-04T18:37:21","slug":"pisikene-ime-cd-3","status":"publish","type":"product","link":"https:\/\/estonianmusic.com\/en\/toode\/pisikene-ime-cd-3\/","title":{"rendered":"Pisikene ime +cd"},"content":{"rendered":"","protected":false},"excerpt":{"rendered":"<p>&#8220;Pisikene ime&#8221; &#8211; lastelaulude ja laulum\u00e4ngude laulik beebidele, lasteaialastele ja algkoolilastele.Hea ja mitmek\u00fclgne abimees \u00f5petajatele beebikoolides, lasteaedades ja lauluringides. Laulikus on 54 fantaasiarikast laulu ja laulum\u00e4ngu koos tegevusjuhendiga &#8211; laule laulutundide alustamiseks ja l\u00f5petamiseks, laste argiste tegevuste ilmestamiseks, laule loodusest ja loomadest,aastaaegadest, lapseks olemisest, laste kavalustest ja naljadest.<br \/>\nLauliku vahel on ka fonogrammiplaat, millel instrumentaalsed saated 32 laulule. Laulude fonogrammid on sisse m\u00e4ngitud instrumentaalpillidel (klaver, kitarr, mandoliin, l\u00f6\u00f6kpillid, suupill, fl\u00fcgelhorn, trompet, kannel). Laulik on lastep\u00e4raselt illustreeritud.<br \/>\nFormaat A5, 52 lk.<\/p>\n","protected":false},"featured_media":2771,"template":"","meta":{"_et_pb_use_builder":"","_et_pb_old_content":"","_et_gb_content_width":"","spay_email":""},"_links":{"self":[{"href":"https:\/\/estonianmusic.com\/en\/wp-json\/wp\/v2\/product\/5231"}],"collection":[{"href":"https:\/\/estonianmusic.com\/en\/wp-json\/wp\/v2\/product"}],"about":[{"href":"https:\/\/estonianmusic.com\/en\/wp-json\/wp\/v2\/types\/product"}],"wp:featuredmedia":[{"embeddable":true,"href":"https:\/\/estonianmusic.com\/en\/wp-json\/wp\/v2\/media\/2771"}],"wp:attachment":[{"href":"https:\/\/estonianmusic.com\/en\/wp-json\/wp\/v2\/media?parent=5231"}],"curies":[{"name":"wp","href":"https:\/\/api.w.org\/{rel}","templated":true}]}}